{"id":669,"date":"2023-02-16T23:39:10","date_gmt":"2023-02-17T06:39:10","guid":{"rendered":"https:\/\/www.makeitplastic.com\/instalaciones\/"},"modified":"2023-05-11T12:41:42","modified_gmt":"2023-05-11T18:41:42","slug":"instalaciones","status":"publish","type":"page","link":"https:\/\/www.makeitplastic.com\/es\/instalaciones\/","title":{"rendered":"Instalaciones"},"content":{"rendered":"\n<p>PDM es una empresa internacional con instalaciones en el noroeste de EE.UU., Ju\u00e1rez (M\u00e9xico) y Shenzhan (China). Nuestros equipos son de \u00faltima generaci\u00f3n y oscilan entre 50 y 1400 toneladas, con un completo complemento de operaciones secundarias que incluyen tampograf\u00eda, remachado y soldadura s\u00f3nica.<\/p>\n\n<p>Nuestro equipo cuenta con m\u00e1s de 100 a\u00f1os de exitosa experiencia trabajando en el campo del moldeo por inyecci\u00f3n. Desde DFM hasta especificaci\u00f3n de materiales, herramientas y operaciones ajustadas, nuestro grupo lo tiene todo cubierto. Contamos con alianzas estrat\u00e9gicas globales con proveedores de materiales, empresas de log\u00edstica y una completa red de proveedores de componentes \/ subcontratistas para prestar un servicio eficaz a nuestros clientes.<\/p>\n\n<div class=\"wp-block-uagb-container uagb-block-114f60d2 alignfull uagb-is-root-container\"><div class=\"uagb-container-inner-blocks-wrap\">\n<div class=\"wp-block-uagb-container uagb-block-bc366ac9\">\n<div class=\"wp-block-uagb-image uagb-block-a1962d89 wp-block-uagb-image--layout-default wp-block-uagb-image--effect-static wp-block-uagb-image--align-none\"><figure class=\"wp-block-uagb-image__figure\"><img decoding=\"async\" srcset=\"https:\/\/www.makeitplastic.com\/wp-content\/uploads\/2023\/02\/PDM-manhattan-facility-1024x448.jpg \" sizes=\"auto, (max-width: 480px) 150px\" src=\"https:\/\/www.makeitplastic.com\/wp-content\/uploads\/2023\/02\/PDM-manhattan-facility-1024x448.jpg\" alt=\"\" class=\"uag-image-214\" width=\"1024\" height=\"448\" title=\"\" loading=\"lazy\"\/><\/figure><\/div>\n<\/div>\n\n\n\n<div class=\"wp-block-uagb-container uagb-block-bd8be395\">\n<div class=\"wp-block-uagb-image uagb-block-0882201c wp-block-uagb-image--layout-default wp-block-uagb-image--effect-static wp-block-uagb-image--align-none\"><figure class=\"wp-block-uagb-image__figure\"><img decoding=\"async\" srcset=\"https:\/\/www.makeitplastic.com\/wp-content\/uploads\/2023\/02\/PDM-juarez-facility-1024x448.jpg \" sizes=\"auto, (max-width: 480px) 150px\" src=\"https:\/\/www.makeitplastic.com\/wp-content\/uploads\/2023\/02\/PDM-juarez-facility-1024x448.jpg\" alt=\"\" class=\"uag-image-215\" width=\"1024\" height=\"448\" title=\"\" loading=\"lazy\"\/><\/figure><\/div>\n<\/div>\n<\/div><\/div>\n\n<div class=\"wp-block-uagb-container uagb-block-d6586d84 default uagb-is-root-container\">\n<div class=\"wp-block-uagb-advanced-heading uagb-block-0d8064d4\"><h2 class=\"uagb-heading-text\"><strong>Modelo operativo<\/strong><\/h2><\/div>\n\n\n\n<p>Nuestras f\u00e1bricas funcionan 5-7 d\u00edas a la semana, 24 horas al d\u00eda, y ofrecen una amplia gama de productos:<\/p>\n\n\n\n<ul class=\"wp-block-list\">\n<li>Moldeo de pl\u00e1sticos, sobremoldeo, moldeo por inserci\u00f3n, cromado\/metalizado, decoraci\u00f3n, tampograf\u00eda y soldadura s\u00f3nica.<\/li>\n\n\n\n<li>Asistencia al dise\u00f1o &#8211; DFM \/ FEA, llenado de moldes \/ an\u00e1lisis de alabeo \/ hundimiento<\/li>\n\n\n\n<li>Prototipo &#8211; Impresi\u00f3n 3D mediante utillaje de bajo volumen<\/li>\n\n\n\n<li>Utillaje puente: opciones de utillaje para la rampa de producci\u00f3n temprana<\/li>\n\n\n\n<li>Utillaje de producci\u00f3n &#8211; construcci\u00f3n de moldes de alto volumen de clase 103 a clase 101<\/li>\n\n\n\n<li>Embalaje para minoristas y asistencia directa a los centros de distribuci\u00f3n<\/li>\n\n\n\n<li>Programas de fabricaci\u00f3n llave en mano: desarrollo y abastecimiento de programas completos<\/li>\n\n\n\n<li>Reparaci\u00f3n y mantenimiento internos de herramientas<\/li>\n<\/ul>\n<\/div>\n","protected":false},"excerpt":{"rendered":"<p>PDM es una empresa internacional con instalaciones en el noroeste de EE.UU., Ju\u00e1rez (M\u00e9xico) y Shenzhan (China). Nuestros equipos son de \u00faltima generaci\u00f3n y oscilan entre 50 y 1400 toneladas, con un completo complemento de operaciones secundarias que incluyen tampograf\u00eda, remachado y soldadura s\u00f3nica. Nuestro equipo cuenta con m\u00e1s de 100 a\u00f1os de exitosa experiencia &hellip;<\/p>\n<p class=\"read-more\"> <a class=\"ast-button\" href=\"https:\/\/www.makeitplastic.com\/es\/instalaciones\/\"> <span class=\"screen-reader-text\">Instalaciones<\/span> Read More \u00bb<\/a><\/p>\n","protected":false},"author":1,"featured_media":0,"parent":0,"menu_order":0,"comment_status":"closed","ping_status":"closed","template":"","meta":{"_uag_custom_page_level_css":"","site-sidebar-layout":"default","site-content-layout":"default","ast-global-header-display":"","ast-banner-title-visibility":"","ast-main-header-display":"","ast-hfb-above-header-display":"","ast-hfb-below-header-display":"","ast-hfb-mobile-header-display":"","site-post-title":"","ast-breadcrumbs-content":"","ast-featured-img":"","footer-sml-layout":"","theme-transparent-header-meta":"","adv-header-id-meta":"","stick-header-meta":"","header-above-stick-meta":"","header-main-stick-meta":"","header-below-stick-meta":"","footnotes":""},"class_list":["post-669","page","type-page","status-publish","hentry"],"yoast_head":"<!-- This site is optimized with the Yoast SEO plugin v27.4 - https:\/\/yoast.com\/product\/yoast-seo-wordpress\/ -->\n<title>Instalaciones - PDM Plastics<\/title>\n<meta name=\"robots\" content=\"index, follow, max-snippet:-1, max-image-preview:large, max-video-preview:-1\" \/>\n<link rel=\"canonical\" href=\"https:\/\/www.makeitplastic.com\/es\/instalaciones\/\" \/>\n<meta property=\"og:locale\" content=\"es_ES\" \/>\n<meta property=\"og:type\" content=\"article\" \/>\n<meta property=\"og:title\" content=\"Instalaciones - PDM Plastics\" \/>\n<meta property=\"og:description\" content=\"PDM es una empresa internacional con instalaciones en el noroeste de EE.UU., Ju\u00e1rez (M\u00e9xico) y Shenzhan (China). Nuestros equipos son de \u00faltima generaci\u00f3n y oscilan entre 50 y 1400 toneladas, con un completo complemento de operaciones secundarias que incluyen tampograf\u00eda, remachado y soldadura s\u00f3nica. Nuestro equipo cuenta con m\u00e1s de 100 a\u00f1os de exitosa experiencia &hellip; Instalaciones Read More \u00bb\" \/>\n<meta property=\"og:url\" content=\"https:\/\/www.makeitplastic.com\/es\/instalaciones\/\" \/>\n<meta property=\"og:site_name\" content=\"PDM Plastics\" \/>\n<meta property=\"article:modified_time\" content=\"2023-05-11T18:41:42+00:00\" \/>\n<meta property=\"og:image\" content=\"https:\/\/www.makeitplastic.com\/wp-content\/uploads\/2023\/02\/PDM-manhattan-facility-1024x448.jpg\" \/>\n<meta name=\"twitter:card\" content=\"summary_large_image\" \/>\n<meta name=\"twitter:label1\" content=\"Tiempo de lectura\" \/>\n\t<meta name=\"twitter:data1\" content=\"1 minuto\" \/>\n<script type=\"application\/ld+json\" class=\"yoast-schema-graph\">{\"@context\":\"https:\\\/\\\/schema.org\",\"@graph\":[{\"@type\":\"WebPage\",\"@id\":\"https:\\\/\\\/www.makeitplastic.com\\\/es\\\/instalaciones\\\/\",\"url\":\"https:\\\/\\\/www.makeitplastic.com\\\/es\\\/instalaciones\\\/\",\"name\":\"Instalaciones - PDM Plastics\",\"isPartOf\":{\"@id\":\"https:\\\/\\\/www.makeitplastic.com\\\/#website\"},\"primaryImageOfPage\":{\"@id\":\"https:\\\/\\\/www.makeitplastic.com\\\/es\\\/instalaciones\\\/#primaryimage\"},\"image\":{\"@id\":\"https:\\\/\\\/www.makeitplastic.com\\\/es\\\/instalaciones\\\/#primaryimage\"},\"thumbnailUrl\":\"https:\\\/\\\/www.makeitplastic.com\\\/wp-content\\\/uploads\\\/2023\\\/02\\\/PDM-manhattan-facility-1024x448.jpg\",\"datePublished\":\"2023-02-17T06:39:10+00:00\",\"dateModified\":\"2023-05-11T18:41:42+00:00\",\"breadcrumb\":{\"@id\":\"https:\\\/\\\/www.makeitplastic.com\\\/es\\\/instalaciones\\\/#breadcrumb\"},\"inLanguage\":\"es\",\"potentialAction\":[{\"@type\":\"ReadAction\",\"target\":[\"https:\\\/\\\/www.makeitplastic.com\\\/es\\\/instalaciones\\\/\"]}]},{\"@type\":\"ImageObject\",\"inLanguage\":\"es\",\"@id\":\"https:\\\/\\\/www.makeitplastic.com\\\/es\\\/instalaciones\\\/#primaryimage\",\"url\":\"https:\\\/\\\/www.makeitplastic.com\\\/wp-content\\\/uploads\\\/2023\\\/02\\\/PDM-manhattan-facility-1024x448.jpg\",\"contentUrl\":\"https:\\\/\\\/www.makeitplastic.com\\\/wp-content\\\/uploads\\\/2023\\\/02\\\/PDM-manhattan-facility-1024x448.jpg\"},{\"@type\":\"BreadcrumbList\",\"@id\":\"https:\\\/\\\/www.makeitplastic.com\\\/es\\\/instalaciones\\\/#breadcrumb\",\"itemListElement\":[{\"@type\":\"ListItem\",\"position\":1,\"name\":\"Home\",\"item\":\"https:\\\/\\\/www.makeitplastic.com\\\/es\\\/\"},{\"@type\":\"ListItem\",\"position\":2,\"name\":\"Instalaciones\"}]},{\"@type\":\"WebSite\",\"@id\":\"https:\\\/\\\/www.makeitplastic.com\\\/#website\",\"url\":\"https:\\\/\\\/www.makeitplastic.com\\\/\",\"name\":\"PDM Plastics\",\"description\":\"Design &amp; Manufacturing\",\"publisher\":{\"@id\":\"https:\\\/\\\/www.makeitplastic.com\\\/#organization\"},\"potentialAction\":[{\"@type\":\"SearchAction\",\"target\":{\"@type\":\"EntryPoint\",\"urlTemplate\":\"https:\\\/\\\/www.makeitplastic.com\\\/?s={search_term_string}\"},\"query-input\":{\"@type\":\"PropertyValueSpecification\",\"valueRequired\":true,\"valueName\":\"search_term_string\"}}],\"inLanguage\":\"es\"},{\"@type\":\"Organization\",\"@id\":\"https:\\\/\\\/www.makeitplastic.com\\\/#organization\",\"name\":\"PDM Plastics\",\"url\":\"https:\\\/\\\/www.makeitplastic.com\\\/\",\"logo\":{\"@type\":\"ImageObject\",\"inLanguage\":\"es\",\"@id\":\"https:\\\/\\\/www.makeitplastic.com\\\/#\\\/schema\\\/logo\\\/image\\\/\",\"url\":\"https:\\\/\\\/www.makeitplastic.com\\\/wp-content\\\/uploads\\\/2023\\\/04\\\/PDM-4-2023_Top-Nav-Logo-18.png\",\"contentUrl\":\"https:\\\/\\\/www.makeitplastic.com\\\/wp-content\\\/uploads\\\/2023\\\/04\\\/PDM-4-2023_Top-Nav-Logo-18.png\",\"width\":834,\"height\":210,\"caption\":\"PDM Plastics\"},\"image\":{\"@id\":\"https:\\\/\\\/www.makeitplastic.com\\\/#\\\/schema\\\/logo\\\/image\\\/\"}}]}<\/script>\n<!-- \/ Yoast SEO plugin. -->","yoast_head_json":{"title":"Instalaciones - PDM Plastics","robots":{"index":"index","follow":"follow","max-snippet":"max-snippet:-1","max-image-preview":"max-image-preview:large","max-video-preview":"max-video-preview:-1"},"canonical":"https:\/\/www.makeitplastic.com\/es\/instalaciones\/","og_locale":"es_ES","og_type":"article","og_title":"Instalaciones - PDM Plastics","og_description":"PDM es una empresa internacional con instalaciones en el noroeste de EE.UU., Ju\u00e1rez (M\u00e9xico) y Shenzhan (China). Nuestros equipos son de \u00faltima generaci\u00f3n y oscilan entre 50 y 1400 toneladas, con un completo complemento de operaciones secundarias que incluyen tampograf\u00eda, remachado y soldadura s\u00f3nica. Nuestro equipo cuenta con m\u00e1s de 100 a\u00f1os de exitosa experiencia &hellip; Instalaciones Read More \u00bb","og_url":"https:\/\/www.makeitplastic.com\/es\/instalaciones\/","og_site_name":"PDM Plastics","article_modified_time":"2023-05-11T18:41:42+00:00","og_image":[{"url":"https:\/\/www.makeitplastic.com\/wp-content\/uploads\/2023\/02\/PDM-manhattan-facility-1024x448.jpg","type":"","width":"","height":""}],"twitter_card":"summary_large_image","twitter_misc":{"Tiempo de lectura":"1 minuto"},"schema":{"@context":"https:\/\/schema.org","@graph":[{"@type":"WebPage","@id":"https:\/\/www.makeitplastic.com\/es\/instalaciones\/","url":"https:\/\/www.makeitplastic.com\/es\/instalaciones\/","name":"Instalaciones - PDM Plastics","isPartOf":{"@id":"https:\/\/www.makeitplastic.com\/#website"},"primaryImageOfPage":{"@id":"https:\/\/www.makeitplastic.com\/es\/instalaciones\/#primaryimage"},"image":{"@id":"https:\/\/www.makeitplastic.com\/es\/instalaciones\/#primaryimage"},"thumbnailUrl":"https:\/\/www.makeitplastic.com\/wp-content\/uploads\/2023\/02\/PDM-manhattan-facility-1024x448.jpg","datePublished":"2023-02-17T06:39:10+00:00","dateModified":"2023-05-11T18:41:42+00:00","breadcrumb":{"@id":"https:\/\/www.makeitplastic.com\/es\/instalaciones\/#breadcrumb"},"inLanguage":"es","potentialAction":[{"@type":"ReadAction","target":["https:\/\/www.makeitplastic.com\/es\/instalaciones\/"]}]},{"@type":"ImageObject","inLanguage":"es","@id":"https:\/\/www.makeitplastic.com\/es\/instalaciones\/#primaryimage","url":"https:\/\/www.makeitplastic.com\/wp-content\/uploads\/2023\/02\/PDM-manhattan-facility-1024x448.jpg","contentUrl":"https:\/\/www.makeitplastic.com\/wp-content\/uploads\/2023\/02\/PDM-manhattan-facility-1024x448.jpg"},{"@type":"BreadcrumbList","@id":"https:\/\/www.makeitplastic.com\/es\/instalaciones\/#breadcrumb","itemListElement":[{"@type":"ListItem","position":1,"name":"Home","item":"https:\/\/www.makeitplastic.com\/es\/"},{"@type":"ListItem","position":2,"name":"Instalaciones"}]},{"@type":"WebSite","@id":"https:\/\/www.makeitplastic.com\/#website","url":"https:\/\/www.makeitplastic.com\/","name":"PDM Plastics","description":"Design &amp; Manufacturing","publisher":{"@id":"https:\/\/www.makeitplastic.com\/#organization"},"potentialAction":[{"@type":"SearchAction","target":{"@type":"EntryPoint","urlTemplate":"https:\/\/www.makeitplastic.com\/?s={search_term_string}"},"query-input":{"@type":"PropertyValueSpecification","valueRequired":true,"valueName":"search_term_string"}}],"inLanguage":"es"},{"@type":"Organization","@id":"https:\/\/www.makeitplastic.com\/#organization","name":"PDM Plastics","url":"https:\/\/www.makeitplastic.com\/","logo":{"@type":"ImageObject","inLanguage":"es","@id":"https:\/\/www.makeitplastic.com\/#\/schema\/logo\/image\/","url":"https:\/\/www.makeitplastic.com\/wp-content\/uploads\/2023\/04\/PDM-4-2023_Top-Nav-Logo-18.png","contentUrl":"https:\/\/www.makeitplastic.com\/wp-content\/uploads\/2023\/04\/PDM-4-2023_Top-Nav-Logo-18.png","width":834,"height":210,"caption":"PDM Plastics"},"image":{"@id":"https:\/\/www.makeitplastic.com\/#\/schema\/logo\/image\/"}}]}},"uagb_featured_image_src":{"full":false,"thumbnail":false,"medium":false,"medium_large":false,"large":false,"1536x1536":false,"2048x2048":false,"gform-image-choice-sm":false,"gform-image-choice-md":false,"gform-image-choice-lg":false},"uagb_author_info":{"display_name":"admin","author_link":"https:\/\/www.makeitplastic.com\/es\/author\/pdmplastic\/"},"uagb_comment_info":0,"uagb_excerpt":"PDM es una empresa internacional con instalaciones en el noroeste de EE.UU., Ju\u00e1rez (M\u00e9xico) y Shenzhan (China). Nuestros equipos son de \u00faltima generaci\u00f3n y oscilan entre 50 y 1400 toneladas, con un completo complemento de operaciones secundarias que incluyen tampograf\u00eda, remachado y soldadura s\u00f3nica. Nuestro equipo cuenta con m\u00e1s de 100 a\u00f1os de exitosa experiencia&hellip;","_links":{"self":[{"href":"https:\/\/www.makeitplastic.com\/es\/wp-json\/wp\/v2\/pages\/669","targetHints":{"allow":["GET"]}}],"collection":[{"href":"https:\/\/www.makeitplastic.com\/es\/wp-json\/wp\/v2\/pages"}],"about":[{"href":"https:\/\/www.makeitplastic.com\/es\/wp-json\/wp\/v2\/types\/page"}],"author":[{"embeddable":true,"href":"https:\/\/www.makeitplastic.com\/es\/wp-json\/wp\/v2\/users\/1"}],"replies":[{"embeddable":true,"href":"https:\/\/www.makeitplastic.com\/es\/wp-json\/wp\/v2\/comments?post=669"}],"version-history":[{"count":6,"href":"https:\/\/www.makeitplastic.com\/es\/wp-json\/wp\/v2\/pages\/669\/revisions"}],"predecessor-version":[{"id":1044,"href":"https:\/\/www.makeitplastic.com\/es\/wp-json\/wp\/v2\/pages\/669\/revisions\/1044"}],"wp:attachment":[{"href":"https:\/\/www.makeitplastic.com\/es\/wp-json\/wp\/v2\/media?parent=669"}],"curies":[{"name":"wp","href":"https:\/\/api.w.org\/{rel}","templated":true}]}}