{"id":665,"date":"2023-02-07T21:14:34","date_gmt":"2023-02-08T04:14:34","guid":{"rendered":"https:\/\/www.makeitplastic.com\/pagina-de-muestra\/"},"modified":"2023-04-17T11:16:42","modified_gmt":"2023-04-17T17:16:42","slug":"pagina-de-muestra","status":"publish","type":"page","link":"https:\/\/www.makeitplastic.com\/es\/pagina-de-muestra\/","title":{"rendered":"P\u00e1gina de muestra"},"content":{"rendered":"\n<p>Esta es una p\u00e1gina de ejemplo. Es diferente de una entrada de blog porque permanecer\u00e1 en un lugar y se mostrar\u00e1 en la navegaci\u00f3n de su sitio (en la mayor\u00eda de los temas). La mayor\u00eda de la gente empieza con una p\u00e1gina \u00abAcerca de\u00bb que les presenta a los potenciales visitantes del sitio. Podr\u00eda decir algo as\u00ed:<\/p>\n\n<blockquote class=\"wp-block-quote is-layout-flow wp-block-quote-is-layout-flow\"><p>Hola a todos. Soy un mensajero en bicicleta de d\u00eda, aspirante a actor de noche, y este es mi sitio web. Vivo en Los \u00c1ngeles, tengo un gran perro llamado Jack y me gustan las pi\u00f1as coladas. (Y que te pille la lluvia).<\/p><\/blockquote>\n\n<p>&#8230;o algo as\u00ed:<\/p>\n\n<blockquote class=\"wp-block-quote is-layout-flow wp-block-quote-is-layout-flow\"><p>La empresa XYZ Doohickey Company se fund\u00f3 en 1971 y, desde entonces, ofrece doohickeys de calidad al p\u00fablico. Situada en Ciudad G\u00f3tica, XYZ emplea a m\u00e1s de 2.000 personas y hace todo tipo de cosas incre\u00edbles para la comunidad de Ciudad G\u00f3tica.<\/p><\/blockquote>\n\n<p>Como nuevo usuario de WordPress, debe ir a <a href=\"https:\/\/makeitplastic.com\/wp-admin\/\">su panel de control<\/a> para eliminar esta p\u00e1gina y crear nuevas p\u00e1ginas para su contenido. Divi\u00e9rtete.<\/p>\n","protected":false},"excerpt":{"rendered":"<p>Esta es una p\u00e1gina de ejemplo. Es diferente de una entrada de blog porque permanecer\u00e1 en un lugar y se mostrar\u00e1 en la navegaci\u00f3n de su sitio (en la mayor\u00eda de los temas). La mayor\u00eda de la gente empieza con una p\u00e1gina \u00abAcerca de\u00bb que les presenta a los potenciales visitantes del sitio. Podr\u00eda decir &hellip;<\/p>\n<p class=\"read-more\"> <a class=\"ast-button\" href=\"https:\/\/www.makeitplastic.com\/es\/pagina-de-muestra\/\"> <span class=\"screen-reader-text\">P\u00e1gina de muestra<\/span> Read More \u00bb<\/a><\/p>\n","protected":false},"author":1,"featured_media":0,"parent":0,"menu_order":0,"comment_status":"closed","ping_status":"open","template":"","meta":{"_uag_custom_page_level_css":"","site-sidebar-layout":"default","site-content-layout":"default","ast-global-header-display":"","ast-banner-title-visibility":"","ast-main-header-display":"","ast-hfb-above-header-display":"","ast-hfb-below-header-display":"","ast-hfb-mobile-header-display":"","site-post-title":"","ast-breadcrumbs-content":"","ast-featured-img":"","footer-sml-layout":"","theme-transparent-header-meta":"","adv-header-id-meta":"","stick-header-meta":"","header-above-stick-meta":"","header-main-stick-meta":"","header-below-stick-meta":"","footnotes":""},"class_list":["post-665","page","type-page","status-publish","hentry"],"yoast_head":"<!-- This site is optimized with the Yoast SEO plugin v27.4 - https:\/\/yoast.com\/product\/yoast-seo-wordpress\/ -->\n<title>P\u00e1gina de muestra - PDM Plastics<\/title>\n<meta name=\"robots\" content=\"index, follow, max-snippet:-1, max-image-preview:large, max-video-preview:-1\" \/>\n<link rel=\"canonical\" href=\"https:\/\/www.makeitplastic.com\/es\/pagina-de-muestra\/\" \/>\n<meta property=\"og:locale\" content=\"es_ES\" \/>\n<meta property=\"og:type\" content=\"article\" \/>\n<meta property=\"og:title\" content=\"P\u00e1gina de muestra - PDM Plastics\" \/>\n<meta property=\"og:description\" content=\"Esta es una p\u00e1gina de ejemplo. Es diferente de una entrada de blog porque permanecer\u00e1 en un lugar y se mostrar\u00e1 en la navegaci\u00f3n de su sitio (en la mayor\u00eda de los temas). La mayor\u00eda de la gente empieza con una p\u00e1gina \u00abAcerca de\u00bb que les presenta a los potenciales visitantes del sitio. Podr\u00eda decir &hellip; P\u00e1gina de muestra Read More \u00bb\" \/>\n<meta property=\"og:url\" content=\"https:\/\/www.makeitplastic.com\/es\/pagina-de-muestra\/\" \/>\n<meta property=\"og:site_name\" content=\"PDM Plastics\" \/>\n<meta property=\"article:modified_time\" content=\"2023-04-17T17:16:42+00:00\" \/>\n<meta name=\"twitter:card\" content=\"summary_large_image\" \/>\n<meta name=\"twitter:label1\" content=\"Tiempo de lectura\" \/>\n\t<meta name=\"twitter:data1\" content=\"1 minuto\" \/>\n<script type=\"application\/ld+json\" class=\"yoast-schema-graph\">{\"@context\":\"https:\\\/\\\/schema.org\",\"@graph\":[{\"@type\":\"WebPage\",\"@id\":\"https:\\\/\\\/www.makeitplastic.com\\\/es\\\/pagina-de-muestra\\\/\",\"url\":\"https:\\\/\\\/www.makeitplastic.com\\\/es\\\/pagina-de-muestra\\\/\",\"name\":\"P\u00e1gina de muestra - PDM Plastics\",\"isPartOf\":{\"@id\":\"https:\\\/\\\/www.makeitplastic.com\\\/#website\"},\"datePublished\":\"2023-02-08T04:14:34+00:00\",\"dateModified\":\"2023-04-17T17:16:42+00:00\",\"breadcrumb\":{\"@id\":\"https:\\\/\\\/www.makeitplastic.com\\\/es\\\/pagina-de-muestra\\\/#breadcrumb\"},\"inLanguage\":\"es\",\"potentialAction\":[{\"@type\":\"ReadAction\",\"target\":[\"https:\\\/\\\/www.makeitplastic.com\\\/es\\\/pagina-de-muestra\\\/\"]}]},{\"@type\":\"BreadcrumbList\",\"@id\":\"https:\\\/\\\/www.makeitplastic.com\\\/es\\\/pagina-de-muestra\\\/#breadcrumb\",\"itemListElement\":[{\"@type\":\"ListItem\",\"position\":1,\"name\":\"Home\",\"item\":\"https:\\\/\\\/www.makeitplastic.com\\\/es\\\/\"},{\"@type\":\"ListItem\",\"position\":2,\"name\":\"P\u00e1gina de muestra\"}]},{\"@type\":\"WebSite\",\"@id\":\"https:\\\/\\\/www.makeitplastic.com\\\/#website\",\"url\":\"https:\\\/\\\/www.makeitplastic.com\\\/\",\"name\":\"PDM Plastics\",\"description\":\"Design &amp; Manufacturing\",\"publisher\":{\"@id\":\"https:\\\/\\\/www.makeitplastic.com\\\/#organization\"},\"potentialAction\":[{\"@type\":\"SearchAction\",\"target\":{\"@type\":\"EntryPoint\",\"urlTemplate\":\"https:\\\/\\\/www.makeitplastic.com\\\/?s={search_term_string}\"},\"query-input\":{\"@type\":\"PropertyValueSpecification\",\"valueRequired\":true,\"valueName\":\"search_term_string\"}}],\"inLanguage\":\"es\"},{\"@type\":\"Organization\",\"@id\":\"https:\\\/\\\/www.makeitplastic.com\\\/#organization\",\"name\":\"PDM Plastics\",\"url\":\"https:\\\/\\\/www.makeitplastic.com\\\/\",\"logo\":{\"@type\":\"ImageObject\",\"inLanguage\":\"es\",\"@id\":\"https:\\\/\\\/www.makeitplastic.com\\\/#\\\/schema\\\/logo\\\/image\\\/\",\"url\":\"https:\\\/\\\/www.makeitplastic.com\\\/wp-content\\\/uploads\\\/2023\\\/04\\\/PDM-4-2023_Top-Nav-Logo-18.png\",\"contentUrl\":\"https:\\\/\\\/www.makeitplastic.com\\\/wp-content\\\/uploads\\\/2023\\\/04\\\/PDM-4-2023_Top-Nav-Logo-18.png\",\"width\":834,\"height\":210,\"caption\":\"PDM Plastics\"},\"image\":{\"@id\":\"https:\\\/\\\/www.makeitplastic.com\\\/#\\\/schema\\\/logo\\\/image\\\/\"}}]}<\/script>\n<!-- \/ Yoast SEO plugin. -->","yoast_head_json":{"title":"P\u00e1gina de muestra - PDM Plastics","robots":{"index":"index","follow":"follow","max-snippet":"max-snippet:-1","max-image-preview":"max-image-preview:large","max-video-preview":"max-video-preview:-1"},"canonical":"https:\/\/www.makeitplastic.com\/es\/pagina-de-muestra\/","og_locale":"es_ES","og_type":"article","og_title":"P\u00e1gina de muestra - PDM Plastics","og_description":"Esta es una p\u00e1gina de ejemplo. Es diferente de una entrada de blog porque permanecer\u00e1 en un lugar y se mostrar\u00e1 en la navegaci\u00f3n de su sitio (en la mayor\u00eda de los temas). La mayor\u00eda de la gente empieza con una p\u00e1gina \u00abAcerca de\u00bb que les presenta a los potenciales visitantes del sitio. Podr\u00eda decir &hellip; P\u00e1gina de muestra Read More \u00bb","og_url":"https:\/\/www.makeitplastic.com\/es\/pagina-de-muestra\/","og_site_name":"PDM Plastics","article_modified_time":"2023-04-17T17:16:42+00:00","twitter_card":"summary_large_image","twitter_misc":{"Tiempo de lectura":"1 minuto"},"schema":{"@context":"https:\/\/schema.org","@graph":[{"@type":"WebPage","@id":"https:\/\/www.makeitplastic.com\/es\/pagina-de-muestra\/","url":"https:\/\/www.makeitplastic.com\/es\/pagina-de-muestra\/","name":"P\u00e1gina de muestra - PDM Plastics","isPartOf":{"@id":"https:\/\/www.makeitplastic.com\/#website"},"datePublished":"2023-02-08T04:14:34+00:00","dateModified":"2023-04-17T17:16:42+00:00","breadcrumb":{"@id":"https:\/\/www.makeitplastic.com\/es\/pagina-de-muestra\/#breadcrumb"},"inLanguage":"es","potentialAction":[{"@type":"ReadAction","target":["https:\/\/www.makeitplastic.com\/es\/pagina-de-muestra\/"]}]},{"@type":"BreadcrumbList","@id":"https:\/\/www.makeitplastic.com\/es\/pagina-de-muestra\/#breadcrumb","itemListElement":[{"@type":"ListItem","position":1,"name":"Home","item":"https:\/\/www.makeitplastic.com\/es\/"},{"@type":"ListItem","position":2,"name":"P\u00e1gina de muestra"}]},{"@type":"WebSite","@id":"https:\/\/www.makeitplastic.com\/#website","url":"https:\/\/www.makeitplastic.com\/","name":"PDM Plastics","description":"Design &amp; Manufacturing","publisher":{"@id":"https:\/\/www.makeitplastic.com\/#organization"},"potentialAction":[{"@type":"SearchAction","target":{"@type":"EntryPoint","urlTemplate":"https:\/\/www.makeitplastic.com\/?s={search_term_string}"},"query-input":{"@type":"PropertyValueSpecification","valueRequired":true,"valueName":"search_term_string"}}],"inLanguage":"es"},{"@type":"Organization","@id":"https:\/\/www.makeitplastic.com\/#organization","name":"PDM Plastics","url":"https:\/\/www.makeitplastic.com\/","logo":{"@type":"ImageObject","inLanguage":"es","@id":"https:\/\/www.makeitplastic.com\/#\/schema\/logo\/image\/","url":"https:\/\/www.makeitplastic.com\/wp-content\/uploads\/2023\/04\/PDM-4-2023_Top-Nav-Logo-18.png","contentUrl":"https:\/\/www.makeitplastic.com\/wp-content\/uploads\/2023\/04\/PDM-4-2023_Top-Nav-Logo-18.png","width":834,"height":210,"caption":"PDM Plastics"},"image":{"@id":"https:\/\/www.makeitplastic.com\/#\/schema\/logo\/image\/"}}]}},"uagb_featured_image_src":{"full":false,"thumbnail":false,"medium":false,"medium_large":false,"large":false,"1536x1536":false,"2048x2048":false,"gform-image-choice-sm":false,"gform-image-choice-md":false,"gform-image-choice-lg":false},"uagb_author_info":{"display_name":"admin","author_link":"https:\/\/www.makeitplastic.com\/es\/author\/pdmplastic\/"},"uagb_comment_info":0,"uagb_excerpt":"Esta es una p\u00e1gina de ejemplo. Es diferente de una entrada de blog porque permanecer\u00e1 en un lugar y se mostrar\u00e1 en la navegaci\u00f3n de su sitio (en la mayor\u00eda de los temas). La mayor\u00eda de la gente empieza con una p\u00e1gina \u00abAcerca de\u00bb que les presenta a los potenciales visitantes del sitio. Podr\u00eda decir&hellip;","_links":{"self":[{"href":"https:\/\/www.makeitplastic.com\/es\/wp-json\/wp\/v2\/pages\/665","targetHints":{"allow":["GET"]}}],"collection":[{"href":"https:\/\/www.makeitplastic.com\/es\/wp-json\/wp\/v2\/pages"}],"about":[{"href":"https:\/\/www.makeitplastic.com\/es\/wp-json\/wp\/v2\/types\/page"}],"author":[{"embeddable":true,"href":"https:\/\/www.makeitplastic.com\/es\/wp-json\/wp\/v2\/users\/1"}],"replies":[{"embeddable":true,"href":"https:\/\/www.makeitplastic.com\/es\/wp-json\/wp\/v2\/comments?post=665"}],"version-history":[{"count":1,"href":"https:\/\/www.makeitplastic.com\/es\/wp-json\/wp\/v2\/pages\/665\/revisions"}],"predecessor-version":[{"id":668,"href":"https:\/\/www.makeitplastic.com\/es\/wp-json\/wp\/v2\/pages\/665\/revisions\/668"}],"wp:attachment":[{"href":"https:\/\/www.makeitplastic.com\/es\/wp-json\/wp\/v2\/media?parent=665"}],"curies":[{"name":"wp","href":"https:\/\/api.w.org\/{rel}","templated":true}]}}