{"id":1105,"date":"2023-02-07T21:14:34","date_gmt":"2023-02-08T04:14:34","guid":{"rendered":"https:\/\/www.makeitplastic.com\/politica-de-privacidad\/"},"modified":"2023-05-12T14:20:00","modified_gmt":"2023-05-12T20:20:00","slug":"politica-de-privacidad","status":"publish","type":"page","link":"https:\/\/www.makeitplastic.com\/es\/politica-de-privacidad\/","title":{"rendered":"Pol\u00edtica de privacidad"},"content":{"rendered":"\n<p>Esta Pol\u00edtica de Privacidad rige la forma en que PDM Plastics recoge, utiliza, mantiene y divulga la informaci\u00f3n recogida de los usuarios de nuestro sitio web. Nos comprometemos a proteger la privacidad y la seguridad de su informaci\u00f3n personal y hemos aplicado las medidas adecuadas para salvaguardarla.<\/p>\n\n<h3 class=\"wp-block-heading\">Recogida y uso de la informaci\u00f3n<\/h3>\n\n<p>Recopilamos varios tipos de informaci\u00f3n de los visitantes de nuestro sitio web, incluida informaci\u00f3n personal identificable (como su nombre y direcci\u00f3n de correo electr\u00f3nico) e informaci\u00f3n no personal identificable (como su direcci\u00f3n IP y comportamiento de navegaci\u00f3n). Utilizamos esta informaci\u00f3n para mejorar su experiencia de usuario, responder a sus consultas y proporcionarle informaci\u00f3n sobre nuestros productos y servicios.<\/p>\n\n<p>Tambi\u00e9n utilizamos Google Analytics 4 y Google Ads para recopilar informaci\u00f3n sobre su uso de nuestro sitio web, como su comportamiento de navegaci\u00f3n e informaci\u00f3n demogr\u00e1fica. Esta informaci\u00f3n nos ayuda a mejorar nuestro sitio web y a orientar mejor nuestros esfuerzos publicitarios.<\/p>\n\n<h3 class=\"wp-block-heading\">Intercambio de informaci\u00f3n<\/h3>\n\n<p>No vendemos, comercializamos ni alquilamos su informaci\u00f3n personal a terceros. Sin embargo, podemos compartir su informaci\u00f3n con nuestros socios de confianza que nos ayudan a operar nuestro sitio web, llevar a cabo nuestro negocio o prestarle servicios, siempre y cuando dichas partes se comprometan a mantener la confidencialidad de esta informaci\u00f3n.<\/p>\n\n<p>Tambi\u00e9n podemos divulgar su informaci\u00f3n cuando creamos que es apropiado para cumplir la ley, hacer cumplir las pol\u00edticas de nuestro sitio o proteger nuestros derechos, propiedad o seguridad o los de otros.<\/p>\n\n<h3 class=\"wp-block-heading\">Sitios web de terceros<\/h3>\n\n<p>Nuestro sitio web puede contener enlaces a sitios web de terceros que no son de nuestra propiedad ni est\u00e1n bajo nuestro control. No nos hacemos responsables de las pr\u00e1cticas de privacidad o del contenido de estos sitios web y le recomendamos que revise sus pol\u00edticas de privacidad antes de proporcionar cualquier informaci\u00f3n personal.<\/p>\n\n<h3 class=\"wp-block-heading\">Conservaci\u00f3n de datos<\/h3>\n\n<p>Conservaremos su informaci\u00f3n personal durante el tiempo que sea necesario para cumplir los fines para los que fue recopilada o seg\u00fan lo exija la ley.<\/p>\n\n<h3 class=\"wp-block-heading\">Sus derechos<\/h3>\n\n<p>Tiene derecho a acceder, rectificar, actualizar y suprimir la informaci\u00f3n personal que conservamos sobre usted. Tambi\u00e9n puede revocar en cualquier momento su consentimiento para que recabemos y tratemos sus datos personales. Para ejercer estos derechos o para cualquier otra cuesti\u00f3n relacionada con la privacidad, p\u00f3ngase en contacto con nosotros <a href=\"https:\/\/www.makeitplastic.com\/es\/contacte-con\/\">aqu\u00ed<\/a>.<\/p>\n\n<h3 class=\"wp-block-heading\">Cambios en esta pol\u00edtica de privacidad<\/h3>\n\n<p>Nos reservamos el derecho de actualizar o modificar esta Pol\u00edtica de Privacidad en cualquier momento. Cualquier cambio que hagamos en nuestra pol\u00edtica se reflejar\u00e1 en esta p\u00e1gina, y le animamos a que la revise peri\u00f3dicamente para conocer las actualizaciones.<\/p>\n\n<p>Al utilizar nuestro sitio web, usted acepta los t\u00e9rminos de esta Pol\u00edtica de Privacidad y nuestra recopilaci\u00f3n y uso de su informaci\u00f3n personal como se describe en este documento.<\/p>\n","protected":false},"excerpt":{"rendered":"<p>Esta Pol\u00edtica de Privacidad rige la forma en que PDM Plastics recoge, utiliza, mantiene y divulga la informaci\u00f3n recogida de los usuarios de nuestro sitio web. Nos comprometemos a proteger la privacidad y la seguridad de su informaci\u00f3n personal y hemos aplicado las medidas adecuadas para salvaguardarla. Recogida y uso de la informaci\u00f3n Recopilamos varios &hellip;<\/p>\n<p class=\"read-more\"> <a class=\"ast-button\" href=\"https:\/\/www.makeitplastic.com\/es\/politica-de-privacidad\/\"> <span class=\"screen-reader-text\">Pol\u00edtica de privacidad<\/span> Read More \u00bb<\/a><\/p>\n","protected":false},"author":1,"featured_media":0,"parent":0,"menu_order":0,"comment_status":"closed","ping_status":"open","template":"","meta":{"_uag_custom_page_level_css":"","site-sidebar-layout":"default","site-content-layout":"default","ast-global-header-display":"","ast-banner-title-visibility":"","ast-main-header-display":"","ast-hfb-above-header-display":"","ast-hfb-below-header-display":"","ast-hfb-mobile-header-display":"","site-post-title":"","ast-breadcrumbs-content":"","ast-featured-img":"","footer-sml-layout":"","theme-transparent-header-meta":"","adv-header-id-meta":"","stick-header-meta":"","header-above-stick-meta":"","header-main-stick-meta":"","header-below-stick-meta":"","footnotes":""},"class_list":["post-1105","page","type-page","status-publish","hentry"],"yoast_head":"<!-- This site is optimized with the Yoast SEO plugin v27.4 - https:\/\/yoast.com\/product\/yoast-seo-wordpress\/ -->\n<title>Pol\u00edtica de privacidad - PDM Plastics<\/title>\n<meta name=\"robots\" content=\"index, follow, max-snippet:-1, max-image-preview:large, max-video-preview:-1\" \/>\n<link rel=\"canonical\" href=\"https:\/\/www.makeitplastic.com\/es\/politica-de-privacidad\/\" \/>\n<meta property=\"og:locale\" content=\"es_ES\" \/>\n<meta property=\"og:type\" content=\"article\" \/>\n<meta property=\"og:title\" content=\"Pol\u00edtica de privacidad - PDM Plastics\" \/>\n<meta property=\"og:description\" content=\"Esta Pol\u00edtica de Privacidad rige la forma en que PDM Plastics recoge, utiliza, mantiene y divulga la informaci\u00f3n recogida de los usuarios de nuestro sitio web. Nos comprometemos a proteger la privacidad y la seguridad de su informaci\u00f3n personal y hemos aplicado las medidas adecuadas para salvaguardarla. Recogida y uso de la informaci\u00f3n Recopilamos varios &hellip; Pol\u00edtica de privacidad Read More \u00bb\" \/>\n<meta property=\"og:url\" content=\"https:\/\/www.makeitplastic.com\/es\/politica-de-privacidad\/\" \/>\n<meta property=\"og:site_name\" content=\"PDM Plastics\" \/>\n<meta property=\"article:modified_time\" content=\"2023-05-12T20:20:00+00:00\" \/>\n<meta name=\"twitter:card\" content=\"summary_large_image\" \/>\n<meta name=\"twitter:label1\" content=\"Tiempo de lectura\" \/>\n\t<meta name=\"twitter:data1\" content=\"2 minutos\" \/>\n<script type=\"application\/ld+json\" class=\"yoast-schema-graph\">{\"@context\":\"https:\\\/\\\/schema.org\",\"@graph\":[{\"@type\":\"WebPage\",\"@id\":\"https:\\\/\\\/www.makeitplastic.com\\\/es\\\/politica-de-privacidad\\\/\",\"url\":\"https:\\\/\\\/www.makeitplastic.com\\\/es\\\/politica-de-privacidad\\\/\",\"name\":\"Pol\u00edtica de privacidad - PDM Plastics\",\"isPartOf\":{\"@id\":\"https:\\\/\\\/www.makeitplastic.com\\\/#website\"},\"datePublished\":\"2023-02-08T04:14:34+00:00\",\"dateModified\":\"2023-05-12T20:20:00+00:00\",\"breadcrumb\":{\"@id\":\"https:\\\/\\\/www.makeitplastic.com\\\/es\\\/politica-de-privacidad\\\/#breadcrumb\"},\"inLanguage\":\"es\",\"potentialAction\":[{\"@type\":\"ReadAction\",\"target\":[\"https:\\\/\\\/www.makeitplastic.com\\\/es\\\/politica-de-privacidad\\\/\"]}]},{\"@type\":\"BreadcrumbList\",\"@id\":\"https:\\\/\\\/www.makeitplastic.com\\\/es\\\/politica-de-privacidad\\\/#breadcrumb\",\"itemListElement\":[{\"@type\":\"ListItem\",\"position\":1,\"name\":\"Home\",\"item\":\"https:\\\/\\\/www.makeitplastic.com\\\/es\\\/\"},{\"@type\":\"ListItem\",\"position\":2,\"name\":\"Pol\u00edtica de privacidad\"}]},{\"@type\":\"WebSite\",\"@id\":\"https:\\\/\\\/www.makeitplastic.com\\\/#website\",\"url\":\"https:\\\/\\\/www.makeitplastic.com\\\/\",\"name\":\"PDM Plastics\",\"description\":\"Design &amp; Manufacturing\",\"publisher\":{\"@id\":\"https:\\\/\\\/www.makeitplastic.com\\\/#organization\"},\"potentialAction\":[{\"@type\":\"SearchAction\",\"target\":{\"@type\":\"EntryPoint\",\"urlTemplate\":\"https:\\\/\\\/www.makeitplastic.com\\\/?s={search_term_string}\"},\"query-input\":{\"@type\":\"PropertyValueSpecification\",\"valueRequired\":true,\"valueName\":\"search_term_string\"}}],\"inLanguage\":\"es\"},{\"@type\":\"Organization\",\"@id\":\"https:\\\/\\\/www.makeitplastic.com\\\/#organization\",\"name\":\"PDM Plastics\",\"url\":\"https:\\\/\\\/www.makeitplastic.com\\\/\",\"logo\":{\"@type\":\"ImageObject\",\"inLanguage\":\"es\",\"@id\":\"https:\\\/\\\/www.makeitplastic.com\\\/#\\\/schema\\\/logo\\\/image\\\/\",\"url\":\"https:\\\/\\\/www.makeitplastic.com\\\/wp-content\\\/uploads\\\/2023\\\/04\\\/PDM-4-2023_Top-Nav-Logo-18.png\",\"contentUrl\":\"https:\\\/\\\/www.makeitplastic.com\\\/wp-content\\\/uploads\\\/2023\\\/04\\\/PDM-4-2023_Top-Nav-Logo-18.png\",\"width\":834,\"height\":210,\"caption\":\"PDM Plastics\"},\"image\":{\"@id\":\"https:\\\/\\\/www.makeitplastic.com\\\/#\\\/schema\\\/logo\\\/image\\\/\"}}]}<\/script>\n<!-- \/ Yoast SEO plugin. -->","yoast_head_json":{"title":"Pol\u00edtica de privacidad - PDM Plastics","robots":{"index":"index","follow":"follow","max-snippet":"max-snippet:-1","max-image-preview":"max-image-preview:large","max-video-preview":"max-video-preview:-1"},"canonical":"https:\/\/www.makeitplastic.com\/es\/politica-de-privacidad\/","og_locale":"es_ES","og_type":"article","og_title":"Pol\u00edtica de privacidad - PDM Plastics","og_description":"Esta Pol\u00edtica de Privacidad rige la forma en que PDM Plastics recoge, utiliza, mantiene y divulga la informaci\u00f3n recogida de los usuarios de nuestro sitio web. Nos comprometemos a proteger la privacidad y la seguridad de su informaci\u00f3n personal y hemos aplicado las medidas adecuadas para salvaguardarla. Recogida y uso de la informaci\u00f3n Recopilamos varios &hellip; Pol\u00edtica de privacidad Read More \u00bb","og_url":"https:\/\/www.makeitplastic.com\/es\/politica-de-privacidad\/","og_site_name":"PDM Plastics","article_modified_time":"2023-05-12T20:20:00+00:00","twitter_card":"summary_large_image","twitter_misc":{"Tiempo de lectura":"2 minutos"},"schema":{"@context":"https:\/\/schema.org","@graph":[{"@type":"WebPage","@id":"https:\/\/www.makeitplastic.com\/es\/politica-de-privacidad\/","url":"https:\/\/www.makeitplastic.com\/es\/politica-de-privacidad\/","name":"Pol\u00edtica de privacidad - PDM Plastics","isPartOf":{"@id":"https:\/\/www.makeitplastic.com\/#website"},"datePublished":"2023-02-08T04:14:34+00:00","dateModified":"2023-05-12T20:20:00+00:00","breadcrumb":{"@id":"https:\/\/www.makeitplastic.com\/es\/politica-de-privacidad\/#breadcrumb"},"inLanguage":"es","potentialAction":[{"@type":"ReadAction","target":["https:\/\/www.makeitplastic.com\/es\/politica-de-privacidad\/"]}]},{"@type":"BreadcrumbList","@id":"https:\/\/www.makeitplastic.com\/es\/politica-de-privacidad\/#breadcrumb","itemListElement":[{"@type":"ListItem","position":1,"name":"Home","item":"https:\/\/www.makeitplastic.com\/es\/"},{"@type":"ListItem","position":2,"name":"Pol\u00edtica de privacidad"}]},{"@type":"WebSite","@id":"https:\/\/www.makeitplastic.com\/#website","url":"https:\/\/www.makeitplastic.com\/","name":"PDM Plastics","description":"Design &amp; Manufacturing","publisher":{"@id":"https:\/\/www.makeitplastic.com\/#organization"},"potentialAction":[{"@type":"SearchAction","target":{"@type":"EntryPoint","urlTemplate":"https:\/\/www.makeitplastic.com\/?s={search_term_string}"},"query-input":{"@type":"PropertyValueSpecification","valueRequired":true,"valueName":"search_term_string"}}],"inLanguage":"es"},{"@type":"Organization","@id":"https:\/\/www.makeitplastic.com\/#organization","name":"PDM Plastics","url":"https:\/\/www.makeitplastic.com\/","logo":{"@type":"ImageObject","inLanguage":"es","@id":"https:\/\/www.makeitplastic.com\/#\/schema\/logo\/image\/","url":"https:\/\/www.makeitplastic.com\/wp-content\/uploads\/2023\/04\/PDM-4-2023_Top-Nav-Logo-18.png","contentUrl":"https:\/\/www.makeitplastic.com\/wp-content\/uploads\/2023\/04\/PDM-4-2023_Top-Nav-Logo-18.png","width":834,"height":210,"caption":"PDM Plastics"},"image":{"@id":"https:\/\/www.makeitplastic.com\/#\/schema\/logo\/image\/"}}]}},"uagb_featured_image_src":{"full":false,"thumbnail":false,"medium":false,"medium_large":false,"large":false,"1536x1536":false,"2048x2048":false,"gform-image-choice-sm":false,"gform-image-choice-md":false,"gform-image-choice-lg":false},"uagb_author_info":{"display_name":"admin","author_link":"https:\/\/www.makeitplastic.com\/es\/author\/pdmplastic\/"},"uagb_comment_info":0,"uagb_excerpt":"Esta Pol\u00edtica de Privacidad rige la forma en que PDM Plastics recoge, utiliza, mantiene y divulga la informaci\u00f3n recogida de los usuarios de nuestro sitio web. Nos comprometemos a proteger la privacidad y la seguridad de su informaci\u00f3n personal y hemos aplicado las medidas adecuadas para salvaguardarla. Recogida y uso de la informaci\u00f3n Recopilamos varios&hellip;","_links":{"self":[{"href":"https:\/\/www.makeitplastic.com\/es\/wp-json\/wp\/v2\/pages\/1105","targetHints":{"allow":["GET"]}}],"collection":[{"href":"https:\/\/www.makeitplastic.com\/es\/wp-json\/wp\/v2\/pages"}],"about":[{"href":"https:\/\/www.makeitplastic.com\/es\/wp-json\/wp\/v2\/types\/page"}],"author":[{"embeddable":true,"href":"https:\/\/www.makeitplastic.com\/es\/wp-json\/wp\/v2\/users\/1"}],"replies":[{"embeddable":true,"href":"https:\/\/www.makeitplastic.com\/es\/wp-json\/wp\/v2\/comments?post=1105"}],"version-history":[{"count":6,"href":"https:\/\/www.makeitplastic.com\/es\/wp-json\/wp\/v2\/pages\/1105\/revisions"}],"predecessor-version":[{"id":1122,"href":"https:\/\/www.makeitplastic.com\/es\/wp-json\/wp\/v2\/pages\/1105\/revisions\/1122"}],"wp:attachment":[{"href":"https:\/\/www.makeitplastic.com\/es\/wp-json\/wp\/v2\/media?parent=1105"}],"curies":[{"name":"wp","href":"https:\/\/api.w.org\/{rel}","templated":true}]}}