{"id":691,"date":"2023-02-16T23:41:32","date_gmt":"2023-02-17T06:41:32","guid":{"rendered":"https:\/\/www.makeitplastic.com\/karriere\/"},"modified":"2025-03-31T10:05:46","modified_gmt":"2025-03-31T16:05:46","slug":"karriere","status":"publish","type":"page","link":"https:\/\/www.makeitplastic.com\/de\/karriere\/","title":{"rendered":"Karriere"},"content":{"rendered":"\n<p>Bei PDM Plastics legen wir in jedem Bereich Wert auf hervorragende Leistungen &#8211; auch bei unseren Mitarbeitern. Wenn Sie unsere Grundwerte teilen und sich f\u00fcr die Herstellung hochwertiger Kunststoffspritzgussprodukte begeistern, dann sind Sie bei uns genau richtig. Wir laden qualifizierte Personen ein, sich uns anzuschlie\u00dfen, um einen hervorragenden Service und eine Qualit\u00e4t zu liefern, die die Erwartungen unserer Kunden \u00fcbertreffen. Klicken Sie unten, um sich \u00fcber unsere aktuellen Stellenangebote zu informieren.<\/p>\n\n<div class=\"wp-block-uagb-container uagb-block-6a1577a0 alignfull uagb-is-root-container\"><div class=\"uagb-container-inner-blocks-wrap\">\n<div class=\"wp-block-uagb-advanced-heading uagb-block-dc4889c3\"><h2 class=\"uagb-heading-text\">Aktuelle Stellenangebote<\/h2><\/div>\n\n\n\n\t\t\t<div class=\"wp-block-uagb-post-grid uagb-post-grid  uagb-post__image-position-top uagb-post__image-disabled uagb-block-ba3cec47     uagb-post__items uagb-post__columns-3 is-grid uagb-post__columns-tablet-2 uagb-post__columns-mobile-1 uagb-post__equal-height uagb-equal_height_inline-read-more-buttons\" data-total=\"1\" style=\"\">\n\n\t\t\t\t\t\t\t\t\t\t\t\t<article class=\"uagb-post__inner-wrap\">\t\t\t\t\t\t\t\t<h4 class=\"uagb-post__title uagb-post__text\">\n\t\t\t\t<a href=\"https:\/\/www.makeitplastic.com\/de\/manager-fuer-unternehmensqualitaet\/\" target=\"_self\" rel=\"bookmark noopener noreferrer\">Manager f\u00fcr Unternehmensqualit\u00e4t<\/a>\n\t\t\t<\/h4>\n\t\t\t\t\t\t<div class='uagb-post__text uagb-post-grid-byline'>\n\t\t\t\t\t\t\t<\/div>\n\t\t\t\t\t\t\t<div class='uagb-post__text uagb-post__excerpt'>\n\t\t\t\t\tHybrid (Hauptsitz in Montana \/ Mexiko)\t\t\t\t<\/div>\n\t\t\t\t\t\t<div class=\"uagb-post__text uagb-post__cta wp-block-button\">\n\t\t\t\t<a class=\"wp-block-button__link uagb-text-link\" style=\"\" href=\"https:\/\/www.makeitplastic.com\/de\/manager-fuer-unternehmensqualitaet\/\" target=\"_self\" rel=\"bookmark noopener noreferrer\">Details anzeigen<\/a>\n\t\t\t<\/div>\n\t\t\t\n\t\t\t\t\t\t\t\t\t<\/article>\n\t\t\t\t\t\t\t\t\t\t\t\t\t\t\t\t<article class=\"uagb-post__inner-wrap\">\t\t\t\t\t\t\t\t<h4 class=\"uagb-post__title uagb-post__text\">\n\t\t\t\t<a href=\"https:\/\/www.makeitplastic.com\/de\/buchhalterin\/\" target=\"_self\" rel=\"bookmark noopener noreferrer\">Buchhalterin<\/a>\n\t\t\t<\/h4>\n\t\t\t\t\t\t<div class='uagb-post__text uagb-post-grid-byline'>\n\t\t\t\t\t\t\t<\/div>\n\t\t\t\t\t\t\t<div class='uagb-post__text uagb-post__excerpt'>\n\t\t\t\t\tManhattan, MT\t\t\t\t<\/div>\n\t\t\t\t\t\t<div class=\"uagb-post__text uagb-post__cta wp-block-button\">\n\t\t\t\t<a class=\"wp-block-button__link uagb-text-link\" style=\"\" href=\"https:\/\/www.makeitplastic.com\/de\/buchhalterin\/\" target=\"_self\" rel=\"bookmark noopener noreferrer\">Details anzeigen<\/a>\n\t\t\t<\/div>\n\t\t\t\n\t\t\t\t\t\t\t\t\t<\/article>\n\t\t\t\t\t\t\t\t\t\t\t\t\t\t\t\t<article class=\"uagb-post__inner-wrap\">\t\t\t\t\t\t\t\t<h4 class=\"uagb-post__title uagb-post__text\">\n\t\t\t\t<a href=\"https:\/\/www.makeitplastic.com\/de\/controller\/\" target=\"_self\" rel=\"bookmark noopener noreferrer\">Controller<\/a>\n\t\t\t<\/h4>\n\t\t\t\t\t\t<div class='uagb-post__text uagb-post-grid-byline'>\n\t\t\t\t\t\t\t<\/div>\n\t\t\t\t\t\t\t<div class='uagb-post__text uagb-post__excerpt'>\n\t\t\t\t\tBozeman, MT oder El Paso, TX\t\t\t\t<\/div>\n\t\t\t\t\t\t<div class=\"uagb-post__text uagb-post__cta wp-block-button\">\n\t\t\t\t<a class=\"wp-block-button__link uagb-text-link\" style=\"\" href=\"https:\/\/www.makeitplastic.com\/de\/controller\/\" target=\"_self\" rel=\"bookmark noopener noreferrer\">Details anzeigen<\/a>\n\t\t\t<\/div>\n\t\t\t\n\t\t\t\t\t\t\t\t\t<\/article>\n\t\t\t\t\t\t\t\t\t\t\t\t\t\t\t\t<article class=\"uagb-post__inner-wrap\">\t\t\t\t\t\t\t\t<h4 class=\"uagb-post__title uagb-post__text\">\n\t\t\t\t<a href=\"https:\/\/www.makeitplastic.com\/de\/fertigungstechniker-stufe-1\/\" target=\"_self\" rel=\"bookmark noopener noreferrer\">Fertigungstechniker Stufe 1<\/a>\n\t\t\t<\/h4>\n\t\t\t\t\t\t<div class='uagb-post__text uagb-post-grid-byline'>\n\t\t\t\t\t\t\t<\/div>\n\t\t\t\t\t\t\t<div class='uagb-post__text uagb-post__excerpt'>\n\t\t\t\t\tManhattan, MT\t\t\t\t<\/div>\n\t\t\t\t\t\t<div class=\"uagb-post__text uagb-post__cta wp-block-button\">\n\t\t\t\t<a class=\"wp-block-button__link uagb-text-link\" style=\"\" href=\"https:\/\/www.makeitplastic.com\/de\/fertigungstechniker-stufe-1\/\" target=\"_self\" rel=\"bookmark noopener noreferrer\">Details anzeigen<\/a>\n\t\t\t<\/div>\n\t\t\t\n\t\t\t\t\t\t\t\t\t<\/article>\n\t\t\t\t\t\t\t\t\t\t\t\t\t\t\t\t<article class=\"uagb-post__inner-wrap\">\t\t\t\t\t\t\t\t<h4 class=\"uagb-post__title uagb-post__text\">\n\t\t\t\t<a href=\"https:\/\/www.makeitplastic.com\/de\/fertigungstechniker-stufe-2\/\" target=\"_self\" rel=\"bookmark noopener noreferrer\">Fertigungstechniker Stufe 2<\/a>\n\t\t\t<\/h4>\n\t\t\t\t\t\t<div class='uagb-post__text uagb-post-grid-byline'>\n\t\t\t\t\t\t\t<\/div>\n\t\t\t\t\t\t\t<div class='uagb-post__text uagb-post__excerpt'>\n\t\t\t\t\tManhattan, MT\t\t\t\t<\/div>\n\t\t\t\t\t\t<div class=\"uagb-post__text uagb-post__cta wp-block-button\">\n\t\t\t\t<a class=\"wp-block-button__link uagb-text-link\" style=\"\" href=\"https:\/\/www.makeitplastic.com\/de\/fertigungstechniker-stufe-2\/\" target=\"_self\" rel=\"bookmark noopener noreferrer\">Details anzeigen<\/a>\n\t\t\t<\/div>\n\t\t\t\n\t\t\t\t\t\t\t\t\t<\/article>\n\t\t\t\t\t\t\t\t\t\t\t\t\t\t\t\t<article class=\"uagb-post__inner-wrap\">\t\t\t\t\t\t\t\t<h4 class=\"uagb-post__title uagb-post__text\">\n\t\t\t\t<a href=\"https:\/\/www.makeitplastic.com\/de\/fertigungstechniker-stufe-3\/\" target=\"_self\" rel=\"bookmark noopener noreferrer\">Fertigungstechniker Stufe 3<\/a>\n\t\t\t<\/h4>\n\t\t\t\t\t\t<div class='uagb-post__text uagb-post-grid-byline'>\n\t\t\t\t\t\t\t<\/div>\n\t\t\t\t\t\t\t<div class='uagb-post__text uagb-post__excerpt'>\n\t\t\t\t\tManhattan, MT\t\t\t\t<\/div>\n\t\t\t\t\t\t<div class=\"uagb-post__text uagb-post__cta wp-block-button\">\n\t\t\t\t<a class=\"wp-block-button__link uagb-text-link\" style=\"\" href=\"https:\/\/www.makeitplastic.com\/de\/fertigungstechniker-stufe-3\/\" target=\"_self\" rel=\"bookmark noopener noreferrer\">Details anzeigen<\/a>\n\t\t\t<\/div>\n\t\t\t\n\t\t\t\t\t\t\t\t\t<\/article>\n\t\t\t\t\t\t\t\t\t\t\t<\/div>\n\t\t\t<\/div><\/div>\n","protected":false},"excerpt":{"rendered":"<p>Bei PDM Plastics legen wir in jedem Bereich Wert auf hervorragende Leistungen &#8211; auch bei unseren Mitarbeitern. Wenn Sie unsere Grundwerte teilen und sich f\u00fcr die Herstellung hochwertiger Kunststoffspritzgussprodukte begeistern, dann sind Sie bei uns genau richtig. Wir laden qualifizierte Personen ein, sich uns anzuschlie\u00dfen, um einen hervorragenden Service und eine Qualit\u00e4t zu liefern, die &hellip;<\/p>\n<p class=\"read-more\"> <a class=\"ast-button\" href=\"https:\/\/www.makeitplastic.com\/de\/karriere\/\"> <span class=\"screen-reader-text\">Karriere<\/span> Read More \u00bb<\/a><\/p>\n","protected":false},"author":1,"featured_media":0,"parent":0,"menu_order":0,"comment_status":"closed","ping_status":"closed","template":"","meta":{"_uag_custom_page_level_css":"","site-sidebar-layout":"default","site-content-layout":"default","ast-global-header-display":"","ast-banner-title-visibility":"","ast-main-header-display":"","ast-hfb-above-header-display":"","ast-hfb-below-header-display":"","ast-hfb-mobile-header-display":"","site-post-title":"","ast-breadcrumbs-content":"","ast-featured-img":"","footer-sml-layout":"","theme-transparent-header-meta":"","adv-header-id-meta":"","stick-header-meta":"","header-above-stick-meta":"","header-main-stick-meta":"","header-below-stick-meta":"","footnotes":""},"class_list":["post-691","page","type-page","status-publish","hentry"],"yoast_head":"<!-- This site is optimized with the Yoast SEO plugin v27.4 - https:\/\/yoast.com\/product\/yoast-seo-wordpress\/ -->\n<title>Karriere - PDM Plastics<\/title>\n<meta name=\"robots\" content=\"index, follow, max-snippet:-1, max-image-preview:large, max-video-preview:-1\" \/>\n<link rel=\"canonical\" href=\"https:\/\/www.makeitplastic.com\/de\/karriere\/\" \/>\n<meta property=\"og:locale\" content=\"de_DE\" \/>\n<meta property=\"og:type\" content=\"article\" \/>\n<meta property=\"og:title\" content=\"Karriere - PDM Plastics\" \/>\n<meta property=\"og:description\" content=\"Bei PDM Plastics legen wir in jedem Bereich Wert auf hervorragende Leistungen &#8211; auch bei unseren Mitarbeitern. Wenn Sie unsere Grundwerte teilen und sich f\u00fcr die Herstellung hochwertiger Kunststoffspritzgussprodukte begeistern, dann sind Sie bei uns genau richtig. Wir laden qualifizierte Personen ein, sich uns anzuschlie\u00dfen, um einen hervorragenden Service und eine Qualit\u00e4t zu liefern, die &hellip; Karriere Read More \u00bb\" \/>\n<meta property=\"og:url\" content=\"https:\/\/www.makeitplastic.com\/de\/karriere\/\" \/>\n<meta property=\"og:site_name\" content=\"PDM Plastics\" \/>\n<meta property=\"article:modified_time\" content=\"2025-03-31T16:05:46+00:00\" \/>\n<meta name=\"twitter:card\" content=\"summary_large_image\" \/>\n<script type=\"application\/ld+json\" class=\"yoast-schema-graph\">{\"@context\":\"https:\\\/\\\/schema.org\",\"@graph\":[{\"@type\":\"WebPage\",\"@id\":\"https:\\\/\\\/www.makeitplastic.com\\\/de\\\/karriere\\\/\",\"url\":\"https:\\\/\\\/www.makeitplastic.com\\\/de\\\/karriere\\\/\",\"name\":\"Karriere - PDM Plastics\",\"isPartOf\":{\"@id\":\"https:\\\/\\\/www.makeitplastic.com\\\/#website\"},\"datePublished\":\"2023-02-17T06:41:32+00:00\",\"dateModified\":\"2025-03-31T16:05:46+00:00\",\"breadcrumb\":{\"@id\":\"https:\\\/\\\/www.makeitplastic.com\\\/de\\\/karriere\\\/#breadcrumb\"},\"inLanguage\":\"de\",\"potentialAction\":[{\"@type\":\"ReadAction\",\"target\":[\"https:\\\/\\\/www.makeitplastic.com\\\/de\\\/karriere\\\/\"]}]},{\"@type\":\"BreadcrumbList\",\"@id\":\"https:\\\/\\\/www.makeitplastic.com\\\/de\\\/karriere\\\/#breadcrumb\",\"itemListElement\":[{\"@type\":\"ListItem\",\"position\":1,\"name\":\"Home\",\"item\":\"https:\\\/\\\/www.makeitplastic.com\\\/de\\\/\"},{\"@type\":\"ListItem\",\"position\":2,\"name\":\"Karriere\"}]},{\"@type\":\"WebSite\",\"@id\":\"https:\\\/\\\/www.makeitplastic.com\\\/#website\",\"url\":\"https:\\\/\\\/www.makeitplastic.com\\\/\",\"name\":\"PDM Plastics\",\"description\":\"Design &amp; Manufacturing\",\"publisher\":{\"@id\":\"https:\\\/\\\/www.makeitplastic.com\\\/#organization\"},\"potentialAction\":[{\"@type\":\"SearchAction\",\"target\":{\"@type\":\"EntryPoint\",\"urlTemplate\":\"https:\\\/\\\/www.makeitplastic.com\\\/?s={search_term_string}\"},\"query-input\":{\"@type\":\"PropertyValueSpecification\",\"valueRequired\":true,\"valueName\":\"search_term_string\"}}],\"inLanguage\":\"de\"},{\"@type\":\"Organization\",\"@id\":\"https:\\\/\\\/www.makeitplastic.com\\\/#organization\",\"name\":\"PDM Plastics\",\"url\":\"https:\\\/\\\/www.makeitplastic.com\\\/\",\"logo\":{\"@type\":\"ImageObject\",\"inLanguage\":\"de\",\"@id\":\"https:\\\/\\\/www.makeitplastic.com\\\/#\\\/schema\\\/logo\\\/image\\\/\",\"url\":\"https:\\\/\\\/www.makeitplastic.com\\\/wp-content\\\/uploads\\\/2023\\\/04\\\/PDM-4-2023_Top-Nav-Logo-18.png\",\"contentUrl\":\"https:\\\/\\\/www.makeitplastic.com\\\/wp-content\\\/uploads\\\/2023\\\/04\\\/PDM-4-2023_Top-Nav-Logo-18.png\",\"width\":834,\"height\":210,\"caption\":\"PDM Plastics\"},\"image\":{\"@id\":\"https:\\\/\\\/www.makeitplastic.com\\\/#\\\/schema\\\/logo\\\/image\\\/\"}}]}<\/script>\n<!-- \/ Yoast SEO plugin. -->","yoast_head_json":{"title":"Karriere - PDM Plastics","robots":{"index":"index","follow":"follow","max-snippet":"max-snippet:-1","max-image-preview":"max-image-preview:large","max-video-preview":"max-video-preview:-1"},"canonical":"https:\/\/www.makeitplastic.com\/de\/karriere\/","og_locale":"de_DE","og_type":"article","og_title":"Karriere - PDM Plastics","og_description":"Bei PDM Plastics legen wir in jedem Bereich Wert auf hervorragende Leistungen &#8211; auch bei unseren Mitarbeitern. Wenn Sie unsere Grundwerte teilen und sich f\u00fcr die Herstellung hochwertiger Kunststoffspritzgussprodukte begeistern, dann sind Sie bei uns genau richtig. Wir laden qualifizierte Personen ein, sich uns anzuschlie\u00dfen, um einen hervorragenden Service und eine Qualit\u00e4t zu liefern, die &hellip; Karriere Read More \u00bb","og_url":"https:\/\/www.makeitplastic.com\/de\/karriere\/","og_site_name":"PDM Plastics","article_modified_time":"2025-03-31T16:05:46+00:00","twitter_card":"summary_large_image","schema":{"@context":"https:\/\/schema.org","@graph":[{"@type":"WebPage","@id":"https:\/\/www.makeitplastic.com\/de\/karriere\/","url":"https:\/\/www.makeitplastic.com\/de\/karriere\/","name":"Karriere - PDM Plastics","isPartOf":{"@id":"https:\/\/www.makeitplastic.com\/#website"},"datePublished":"2023-02-17T06:41:32+00:00","dateModified":"2025-03-31T16:05:46+00:00","breadcrumb":{"@id":"https:\/\/www.makeitplastic.com\/de\/karriere\/#breadcrumb"},"inLanguage":"de","potentialAction":[{"@type":"ReadAction","target":["https:\/\/www.makeitplastic.com\/de\/karriere\/"]}]},{"@type":"BreadcrumbList","@id":"https:\/\/www.makeitplastic.com\/de\/karriere\/#breadcrumb","itemListElement":[{"@type":"ListItem","position":1,"name":"Home","item":"https:\/\/www.makeitplastic.com\/de\/"},{"@type":"ListItem","position":2,"name":"Karriere"}]},{"@type":"WebSite","@id":"https:\/\/www.makeitplastic.com\/#website","url":"https:\/\/www.makeitplastic.com\/","name":"PDM Plastics","description":"Design &amp; Manufacturing","publisher":{"@id":"https:\/\/www.makeitplastic.com\/#organization"},"potentialAction":[{"@type":"SearchAction","target":{"@type":"EntryPoint","urlTemplate":"https:\/\/www.makeitplastic.com\/?s={search_term_string}"},"query-input":{"@type":"PropertyValueSpecification","valueRequired":true,"valueName":"search_term_string"}}],"inLanguage":"de"},{"@type":"Organization","@id":"https:\/\/www.makeitplastic.com\/#organization","name":"PDM Plastics","url":"https:\/\/www.makeitplastic.com\/","logo":{"@type":"ImageObject","inLanguage":"de","@id":"https:\/\/www.makeitplastic.com\/#\/schema\/logo\/image\/","url":"https:\/\/www.makeitplastic.com\/wp-content\/uploads\/2023\/04\/PDM-4-2023_Top-Nav-Logo-18.png","contentUrl":"https:\/\/www.makeitplastic.com\/wp-content\/uploads\/2023\/04\/PDM-4-2023_Top-Nav-Logo-18.png","width":834,"height":210,"caption":"PDM Plastics"},"image":{"@id":"https:\/\/www.makeitplastic.com\/#\/schema\/logo\/image\/"}}]}},"uagb_featured_image_src":{"full":false,"thumbnail":false,"medium":false,"medium_large":false,"large":false,"1536x1536":false,"2048x2048":false,"gform-image-choice-sm":false,"gform-image-choice-md":false,"gform-image-choice-lg":false},"uagb_author_info":{"display_name":"admin","author_link":"https:\/\/www.makeitplastic.com\/de\/author\/pdmplastic\/"},"uagb_comment_info":0,"uagb_excerpt":"Bei PDM Plastics legen wir in jedem Bereich Wert auf hervorragende Leistungen &#8211; auch bei unseren Mitarbeitern. Wenn Sie unsere Grundwerte teilen und sich f\u00fcr die Herstellung hochwertiger Kunststoffspritzgussprodukte begeistern, dann sind Sie bei uns genau richtig. Wir laden qualifizierte Personen ein, sich uns anzuschlie\u00dfen, um einen hervorragenden Service und eine Qualit\u00e4t zu liefern, die&hellip;","_links":{"self":[{"href":"https:\/\/www.makeitplastic.com\/de\/wp-json\/wp\/v2\/pages\/691","targetHints":{"allow":["GET"]}}],"collection":[{"href":"https:\/\/www.makeitplastic.com\/de\/wp-json\/wp\/v2\/pages"}],"about":[{"href":"https:\/\/www.makeitplastic.com\/de\/wp-json\/wp\/v2\/types\/page"}],"author":[{"embeddable":true,"href":"https:\/\/www.makeitplastic.com\/de\/wp-json\/wp\/v2\/users\/1"}],"replies":[{"embeddable":true,"href":"https:\/\/www.makeitplastic.com\/de\/wp-json\/wp\/v2\/comments?post=691"}],"version-history":[{"count":13,"href":"https:\/\/www.makeitplastic.com\/de\/wp-json\/wp\/v2\/pages\/691\/revisions"}],"predecessor-version":[{"id":1778,"href":"https:\/\/www.makeitplastic.com\/de\/wp-json\/wp\/v2\/pages\/691\/revisions\/1778"}],"wp:attachment":[{"href":"https:\/\/www.makeitplastic.com\/de\/wp-json\/wp\/v2\/media?parent=691"}],"curies":[{"name":"wp","href":"https:\/\/api.w.org\/{rel}","templated":true}]}}