{"id":684,"date":"2023-02-21T22:16:11","date_gmt":"2023-02-22T05:16:11","guid":{"rendered":"https:\/\/www.makeitplastic.com\/kundenspezifisches-spritzgiessen\/"},"modified":"2025-03-07T09:28:04","modified_gmt":"2025-03-07T16:28:04","slug":"kundenspezifisches-spritzgiessen","status":"publish","type":"page","link":"https:\/\/www.makeitplastic.com\/de\/kundenspezifisches-spritzgiessen\/","title":{"rendered":"Kundenspezifisches Spritzgie\u00dfen"},"content":{"rendered":"\n<div class=\"wp-block-uagb-container uagb-block-be625288 alignfull uagb-is-root-container\"><div class=\"uagb-container-inner-blocks-wrap\">\n<div class=\"inherit-container-width wp-block-group is-layout-constrained wp-block-group-is-layout-constrained\"><h1 class=\"wp-block-post-title\">Kundenspezifisches Spritzgie\u00dfen<\/h1>\n\n\n<p>Pr\u00e4zisionsteile und Qualit\u00e4tsproduktion in gro\u00dfem Ma\u00dfstab<\/p>\n<\/div>\n\n\n\n<div style=\"height:64px\" aria-hidden=\"true\" class=\"wp-block-spacer\"><\/div>\n\n\n\n<div class=\"wp-block-uagb-buttons uagb-buttons__outer-wrap uagb-btn__default-btn uagb-btn-tablet__default-btn uagb-btn-mobile__default-btn uagb-block-cb470fa3\"><div class=\"uagb-buttons__wrap uagb-buttons-layout-wrap\">\n<div class=\"wp-block-uagb-buttons-child uagb-buttons__outer-wrap uagb-block-ea4db2b1 wp-block-button\"><div class=\"uagb-button__wrapper\"><a class=\"uagb-buttons-repeater wp-block-button__link\" href=\"https:\/\/www.makeitplastic.com\/de\/angebot-anfordern\/\" onclick=\"return true;\" rel=\"follow noopener\" target=\"_self\"><div class=\"uagb-button__link\">Angebot anfordern<\/div><\/a><\/div><\/div>\n<\/div><\/div>\n<\/div><\/div>\n\n<div class=\"wp-block-uagb-container uagb-block-a678b172 default uagb-is-root-container\">\n<p>Bei PDM Plastics verf\u00fcgen wir \u00fcber 22 moderne, gut gewartete Spritzgussmaschinen mit einem Pressbereich von 50 bis 1400 Tonnen. Zu den verf\u00fcgbaren Dienstleistungen geh\u00f6ren 2 Shot Molding, Insert Molding und Overmold-M\u00f6glichkeiten. Wir bieten auch Dekoration, Schwei\u00dfen, Montage und Verpackung als Zusatzleistungen an.<\/p>\n<\/div>\n\n<div class=\"wp-block-uagb-container uagb-block-7b3de00d alignfull uagb-is-root-container\"><div class=\"uagb-container-inner-blocks-wrap\">\n<div class=\"wp-block-uagb-advanced-heading uagb-block-17e786ab\"><h2 class=\"uagb-heading-text\">Full-Service-Unterst\u00fctzung f\u00fcr den Produktionserfolg<\/h2><p class=\"uagb-desc-text\">PDM bietet Beratungs-, Konstruktions- und Fertigungstools, die zum Erfolg Ihres Projekts f\u00fchren. Weitere Informationen,<\/p><\/div>\n\n\n\n<div class=\"wp-block-uagb-buttons uagb-buttons__outer-wrap uagb-btn__default-btn uagb-btn-tablet__default-btn uagb-btn-mobile__default-btn uagb-block-41e07b34\"><div class=\"uagb-buttons__wrap uagb-buttons-layout-wrap \">\n<div class=\"wp-block-uagb-buttons-child uagb-buttons__outer-wrap uagb-block-8a8110e9 wp-block-button\"><div class=\"uagb-button__wrapper\"><a class=\"uagb-buttons-repeater wp-block-button__link\" aria-label=\"\" href=\"https:\/\/www.makeitplastic.com\/de\/kontakt\/\" rel=\"follow noopener\" target=\"_self\" role=\"button\"><div class=\"uagb-button__link\">Kontakt<\/div><\/a><\/div><\/div>\n<\/div><\/div>\n\n\n\n<hr class=\"wp-block-separator has-text-color has-ast-global-color-3-color has-alpha-channel-opacity has-ast-global-color-3-background-color has-background is-style-wide\"\/>\n\n\n\n<div class=\"wp-block-uagb-container uagb-block-30517ec8 alignwide uagb-is-root-container\">\n<div class=\"wp-block-uagb-container uagb-block-09c94202 alignfull uagb-is-root-container\"><div class=\"uagb-container-inner-blocks-wrap\">\n<div class=\"inherit-container-width wp-block-group is-layout-constrained wp-block-group-is-layout-constrained\">\n<div class=\"wp-block-uagb-advanced-heading uagb-block-20b3f77d service-support-heading\"><h3 class=\"uagb-heading-text\">Konstruktion &#8211; SolidWorks CAD<\/h3><\/div>\n\n\n\n<hr class=\"wp-block-separator has-text-color has-ast-global-color-3-color has-alpha-channel-opacity has-ast-global-color-3-background-color has-background\"\/>\n\n\n\n<div class=\"wp-block-uagb-image aligncenter uagb-block-6d14d1e8 wp-block-uagb-image--layout-default wp-block-uagb-image--effect-static wp-block-uagb-image--align-center\"><figure class=\"wp-block-uagb-image__figure\"><img decoding=\"async\" srcset=\"https:\/\/www.makeitplastic.com\/wp-content\/uploads\/2023\/04\/PDM-design-web-1.jpg\n \" sizes=\"auto, (max-width: 480px) 150px\" src=\"https:\/\/www.makeitplastic.com\/wp-content\/uploads\/2023\/04\/PDM-design-web-1.jpg\" alt=\"\" class=\"uag-image-401\" width=\"1000\" height=\"600\" title=\"\" loading=\"lazy\" role=\"img\"><\/figure><\/div>\n<\/div>\n<\/div><\/div>\n\n\n\n<div class=\"wp-block-uagb-container uagb-block-90301c24 alignfull uagb-is-root-container\"><div class=\"uagb-container-inner-blocks-wrap\">\n<div class=\"inherit-container-width wp-block-group is-layout-constrained wp-block-group-is-layout-constrained\">\n<div class=\"wp-block-uagb-advanced-heading uagb-block-b6fac98e service-support-heading\"><h3 class=\"uagb-heading-text\">Analyse der Formf\u00fcllung<\/h3><\/div>\n\n\n\n<hr class=\"wp-block-separator has-text-color has-ast-global-color-3-color has-alpha-channel-opacity has-ast-global-color-3-background-color has-background\"\/>\n\n\n\n<div class=\"wp-block-uagb-image aligncenter uagb-block-80e0dc2c wp-block-uagb-image--layout-default wp-block-uagb-image--effect-static wp-block-uagb-image--align-center\"><figure class=\"wp-block-uagb-image__figure\"><img decoding=\"async\" srcset=\"https:\/\/www.makeitplastic.com\/wp-content\/uploads\/2023\/04\/PDM-mold-filling-web-1.jpg\n \" sizes=\"auto, (max-width: 480px) 150px\" src=\"https:\/\/www.makeitplastic.com\/wp-content\/uploads\/2023\/04\/PDM-mold-filling-web-1.jpg\" alt=\"\" class=\"uag-image-400\" width=\"1000\" height=\"600\" title=\"\" loading=\"lazy\" role=\"img\"><\/figure><\/div>\n<\/div>\n<\/div><\/div>\n\n\n\n<div class=\"wp-block-uagb-container uagb-block-8d70137c alignfull uagb-is-root-container\"><div class=\"uagb-container-inner-blocks-wrap\">\n<div class=\"inherit-container-width wp-block-group is-layout-constrained wp-block-group-is-layout-constrained\">\n<div class=\"wp-block-uagb-advanced-heading uagb-block-b4b66936 service-support-heading\"><h3 class=\"uagb-heading-text\">Kett-\/Sink-\/Teil-Risikoanalyse<\/h3><\/div>\n\n\n\n<hr class=\"wp-block-separator has-text-color has-ast-global-color-3-color has-alpha-channel-opacity has-ast-global-color-3-background-color has-background\"\/>\n\n\n\n<div class=\"wp-block-uagb-image aligncenter uagb-block-f736fb0e wp-block-uagb-image--layout-default wp-block-uagb-image--effect-static wp-block-uagb-image--align-center\"><figure class=\"wp-block-uagb-image__figure\"><img decoding=\"async\" srcset=\"https:\/\/www.makeitplastic.com\/wp-content\/uploads\/2023\/04\/PDM-warp-sink-analysis-web.jpg\n \" sizes=\"auto, (max-width: 480px) 150px\" src=\"https:\/\/www.makeitplastic.com\/wp-content\/uploads\/2023\/04\/PDM-warp-sink-analysis-web.jpg\" alt=\"\" class=\"uag-image-402\" width=\"1000\" height=\"600\" title=\"\" loading=\"lazy\" role=\"img\"><\/figure><\/div>\n<\/div>\n<\/div><\/div>\n<\/div>\n\n\n\n<div class=\"wp-block-uagb-container uagb-block-e5c400ff alignwide uagb-is-root-container\">\n<div class=\"wp-block-uagb-container uagb-block-a49b0963 alignfull uagb-is-root-container\"><div class=\"uagb-container-inner-blocks-wrap\">\n<div class=\"inherit-container-width wp-block-group is-layout-constrained wp-block-group-is-layout-constrained\">\n<div class=\"wp-block-uagb-advanced-heading uagb-block-ba3e0798 service-support-heading\"><h3 class=\"uagb-heading-text\">DFM-Team-Ansatz Prozess<\/h3><\/div>\n\n\n\n<hr class=\"wp-block-separator has-text-color has-ast-global-color-3-color has-alpha-channel-opacity has-ast-global-color-3-background-color has-background\"\/>\n\n\n\n<div class=\"wp-block-uagb-image aligncenter uagb-block-8e7ea9e0 wp-block-uagb-image--layout-default wp-block-uagb-image--effect-static wp-block-uagb-image--align-center\"><figure class=\"wp-block-uagb-image__figure\"><img decoding=\"async\" srcset=\"https:\/\/www.makeitplastic.com\/wp-content\/uploads\/2025\/03\/Conference-Room-4-resized.jpg ,https:\/\/www.makeitplastic.com\/wp-content\/uploads\/2025\/03\/Conference-Room-4-resized.jpg 780w, https:\/\/www.makeitplastic.com\/wp-content\/uploads\/2025\/03\/Conference-Room-4-resized.jpg 360w\" sizes=\"auto, (max-width: 480px) 150px\" src=\"https:\/\/www.makeitplastic.com\/wp-content\/uploads\/2025\/03\/Conference-Room-4-resized.jpg\" alt=\"\" class=\"uag-image-1663\" width=\"449\" height=\"336\" title=\"Konferenzraum 4-gro\u00df\" loading=\"lazy\" role=\"img\"><\/figure><\/div>\n<\/div>\n<\/div><\/div>\n\n\n\n<div class=\"wp-block-uagb-container uagb-block-41720703 alignfull uagb-is-root-container\"><div class=\"uagb-container-inner-blocks-wrap\">\n<div class=\"inherit-container-width wp-block-group is-layout-constrained wp-block-group-is-layout-constrained\">\n<div class=\"wp-block-uagb-advanced-heading uagb-block-72fc9eb6 service-support-heading\"><h3 class=\"uagb-heading-text\">Programm-Management-System<\/h3><\/div>\n\n\n\n<hr class=\"wp-block-separator has-text-color has-ast-global-color-3-color has-alpha-channel-opacity has-ast-global-color-3-background-color has-background\"\/>\n\n\n\n<div class=\"wp-block-uagb-image aligncenter uagb-block-7df8c9cc wp-block-uagb-image--layout-default wp-block-uagb-image--effect-static wp-block-uagb-image--align-center\"><figure class=\"wp-block-uagb-image__figure\"><img decoding=\"async\" srcset=\"https:\/\/www.makeitplastic.com\/wp-content\/uploads\/2023\/04\/pdm-program-management-web.jpg ,https:\/\/www.makeitplastic.com\/wp-content\/uploads\/2023\/04\/pdm-program-management-web.jpg 780w\" sizes=\"auto, (max-width: 480px) 150px\" src=\"https:\/\/www.makeitplastic.com\/wp-content\/uploads\/2023\/04\/pdm-program-management-web.jpg\" alt=\"\" class=\"uag-image-405\" width=\"1000\" height=\"600\" title=\"\" loading=\"lazy\" role=\"img\"><\/figure><\/div>\n<\/div>\n<\/div><\/div>\n<\/div>\n<\/div><\/div>\n","protected":false},"excerpt":{"rendered":"<p>Pr\u00e4zisionsteile und Qualit\u00e4tsproduktion in gro\u00dfem Ma\u00dfstab Bei PDM Plastics verf\u00fcgen wir \u00fcber 22 moderne, gut gewartete Spritzgussmaschinen mit einem Pressbereich von 50 bis 1400 Tonnen. Zu den verf\u00fcgbaren Dienstleistungen geh\u00f6ren 2 Shot Molding, Insert Molding und Overmold-M\u00f6glichkeiten. Wir bieten auch Dekoration, Schwei\u00dfen, Montage und Verpackung als Zusatzleistungen an.<\/p>\n","protected":false},"author":1,"featured_media":0,"parent":0,"menu_order":0,"comment_status":"closed","ping_status":"closed","template":"","meta":{"_uag_custom_page_level_css":"","site-sidebar-layout":"default","site-content-layout":"default","ast-global-header-display":"","ast-banner-title-visibility":"","ast-main-header-display":"","ast-hfb-above-header-display":"","ast-hfb-below-header-display":"","ast-hfb-mobile-header-display":"","site-post-title":"disabled","ast-breadcrumbs-content":"","ast-featured-img":"","footer-sml-layout":"","theme-transparent-header-meta":"","adv-header-id-meta":"","stick-header-meta":"","header-above-stick-meta":"","header-main-stick-meta":"","header-below-stick-meta":"","footnotes":""},"class_list":["post-684","page","type-page","status-publish","hentry"],"yoast_head":"<!-- This site is optimized with the Yoast SEO plugin v27.5 - https:\/\/yoast.com\/product\/yoast-seo-wordpress\/ -->\n<title>Kunststoff-Spritzgie\u00dfen -<\/title>\n<meta name=\"description\" content=\"Zu den verf\u00fcgbaren Dienstleistungen geh\u00f6ren 2 Shot Molding, Insert Molding und Overmolding. Wir bieten auch Dekoration, Schwei\u00dfen, Montage und Verpackung an.\" \/>\n<meta name=\"robots\" content=\"index, follow, max-snippet:-1, max-image-preview:large, max-video-preview:-1\" \/>\n<link rel=\"canonical\" href=\"https:\/\/www.makeitplastic.com\/de\/kundenspezifisches-spritzgiessen\/\" \/>\n<meta property=\"og:locale\" content=\"de_DE\" \/>\n<meta property=\"og:type\" content=\"article\" \/>\n<meta property=\"og:title\" content=\"Kunststoff-Spritzgie\u00dfen -\" \/>\n<meta property=\"og:description\" content=\"Zu den verf\u00fcgbaren Dienstleistungen geh\u00f6ren 2 Shot Molding, Insert Molding und Overmolding. Wir bieten auch Dekoration, Schwei\u00dfen, Montage und Verpackung an.\" \/>\n<meta property=\"og:url\" content=\"https:\/\/www.makeitplastic.com\/de\/kundenspezifisches-spritzgiessen\/\" \/>\n<meta property=\"og:site_name\" content=\"PDM Plastics\" \/>\n<meta property=\"article:modified_time\" content=\"2025-03-07T16:28:04+00:00\" \/>\n<meta name=\"twitter:card\" content=\"summary_large_image\" \/>\n<script type=\"application\/ld+json\" class=\"yoast-schema-graph\">{\"@context\":\"https:\\\/\\\/schema.org\",\"@graph\":[{\"@type\":\"WebPage\",\"@id\":\"https:\\\/\\\/www.makeitplastic.com\\\/de\\\/kundenspezifisches-spritzgiessen\\\/\",\"url\":\"https:\\\/\\\/www.makeitplastic.com\\\/de\\\/kundenspezifisches-spritzgiessen\\\/\",\"name\":\"Kunststoff-Spritzgie\u00dfen -\",\"isPartOf\":{\"@id\":\"https:\\\/\\\/www.makeitplastic.com\\\/#website\"},\"datePublished\":\"2023-02-22T05:16:11+00:00\",\"dateModified\":\"2025-03-07T16:28:04+00:00\",\"description\":\"Zu den verf\u00fcgbaren Dienstleistungen geh\u00f6ren 2 Shot Molding, Insert Molding und Overmolding. Wir bieten auch Dekoration, Schwei\u00dfen, Montage und Verpackung an.\",\"breadcrumb\":{\"@id\":\"https:\\\/\\\/www.makeitplastic.com\\\/de\\\/kundenspezifisches-spritzgiessen\\\/#breadcrumb\"},\"inLanguage\":\"de\",\"potentialAction\":[{\"@type\":\"ReadAction\",\"target\":[\"https:\\\/\\\/www.makeitplastic.com\\\/de\\\/kundenspezifisches-spritzgiessen\\\/\"]}]},{\"@type\":\"BreadcrumbList\",\"@id\":\"https:\\\/\\\/www.makeitplastic.com\\\/de\\\/kundenspezifisches-spritzgiessen\\\/#breadcrumb\",\"itemListElement\":[{\"@type\":\"ListItem\",\"position\":1,\"name\":\"Home\",\"item\":\"https:\\\/\\\/www.makeitplastic.com\\\/de\\\/\"},{\"@type\":\"ListItem\",\"position\":2,\"name\":\"Kundenspezifisches Spritzgie\u00dfen\"}]},{\"@type\":\"WebSite\",\"@id\":\"https:\\\/\\\/www.makeitplastic.com\\\/#website\",\"url\":\"https:\\\/\\\/www.makeitplastic.com\\\/\",\"name\":\"PDM Plastics\",\"description\":\"Design &amp; Manufacturing\",\"publisher\":{\"@id\":\"https:\\\/\\\/www.makeitplastic.com\\\/#organization\"},\"potentialAction\":[{\"@type\":\"SearchAction\",\"target\":{\"@type\":\"EntryPoint\",\"urlTemplate\":\"https:\\\/\\\/www.makeitplastic.com\\\/?s={search_term_string}\"},\"query-input\":{\"@type\":\"PropertyValueSpecification\",\"valueRequired\":true,\"valueName\":\"search_term_string\"}}],\"inLanguage\":\"de\"},{\"@type\":\"Organization\",\"@id\":\"https:\\\/\\\/www.makeitplastic.com\\\/#organization\",\"name\":\"PDM Plastics\",\"url\":\"https:\\\/\\\/www.makeitplastic.com\\\/\",\"logo\":{\"@type\":\"ImageObject\",\"inLanguage\":\"de\",\"@id\":\"https:\\\/\\\/www.makeitplastic.com\\\/#\\\/schema\\\/logo\\\/image\\\/\",\"url\":\"https:\\\/\\\/www.makeitplastic.com\\\/wp-content\\\/uploads\\\/2023\\\/04\\\/PDM-4-2023_Top-Nav-Logo-18.png\",\"contentUrl\":\"https:\\\/\\\/www.makeitplastic.com\\\/wp-content\\\/uploads\\\/2023\\\/04\\\/PDM-4-2023_Top-Nav-Logo-18.png\",\"width\":834,\"height\":210,\"caption\":\"PDM Plastics\"},\"image\":{\"@id\":\"https:\\\/\\\/www.makeitplastic.com\\\/#\\\/schema\\\/logo\\\/image\\\/\"}}]}<\/script>\n<!-- \/ Yoast SEO plugin. -->","yoast_head_json":{"title":"Kunststoff-Spritzgie\u00dfen -","description":"Zu den verf\u00fcgbaren Dienstleistungen geh\u00f6ren 2 Shot Molding, Insert Molding und Overmolding. Wir bieten auch Dekoration, Schwei\u00dfen, Montage und Verpackung an.","robots":{"index":"index","follow":"follow","max-snippet":"max-snippet:-1","max-image-preview":"max-image-preview:large","max-video-preview":"max-video-preview:-1"},"canonical":"https:\/\/www.makeitplastic.com\/de\/kundenspezifisches-spritzgiessen\/","og_locale":"de_DE","og_type":"article","og_title":"Kunststoff-Spritzgie\u00dfen -","og_description":"Zu den verf\u00fcgbaren Dienstleistungen geh\u00f6ren 2 Shot Molding, Insert Molding und Overmolding. Wir bieten auch Dekoration, Schwei\u00dfen, Montage und Verpackung an.","og_url":"https:\/\/www.makeitplastic.com\/de\/kundenspezifisches-spritzgiessen\/","og_site_name":"PDM Plastics","article_modified_time":"2025-03-07T16:28:04+00:00","twitter_card":"summary_large_image","schema":{"@context":"https:\/\/schema.org","@graph":[{"@type":"WebPage","@id":"https:\/\/www.makeitplastic.com\/de\/kundenspezifisches-spritzgiessen\/","url":"https:\/\/www.makeitplastic.com\/de\/kundenspezifisches-spritzgiessen\/","name":"Kunststoff-Spritzgie\u00dfen -","isPartOf":{"@id":"https:\/\/www.makeitplastic.com\/#website"},"datePublished":"2023-02-22T05:16:11+00:00","dateModified":"2025-03-07T16:28:04+00:00","description":"Zu den verf\u00fcgbaren Dienstleistungen geh\u00f6ren 2 Shot Molding, Insert Molding und Overmolding. Wir bieten auch Dekoration, Schwei\u00dfen, Montage und Verpackung an.","breadcrumb":{"@id":"https:\/\/www.makeitplastic.com\/de\/kundenspezifisches-spritzgiessen\/#breadcrumb"},"inLanguage":"de","potentialAction":[{"@type":"ReadAction","target":["https:\/\/www.makeitplastic.com\/de\/kundenspezifisches-spritzgiessen\/"]}]},{"@type":"BreadcrumbList","@id":"https:\/\/www.makeitplastic.com\/de\/kundenspezifisches-spritzgiessen\/#breadcrumb","itemListElement":[{"@type":"ListItem","position":1,"name":"Home","item":"https:\/\/www.makeitplastic.com\/de\/"},{"@type":"ListItem","position":2,"name":"Kundenspezifisches Spritzgie\u00dfen"}]},{"@type":"WebSite","@id":"https:\/\/www.makeitplastic.com\/#website","url":"https:\/\/www.makeitplastic.com\/","name":"PDM Plastics","description":"Design &amp; Manufacturing","publisher":{"@id":"https:\/\/www.makeitplastic.com\/#organization"},"potentialAction":[{"@type":"SearchAction","target":{"@type":"EntryPoint","urlTemplate":"https:\/\/www.makeitplastic.com\/?s={search_term_string}"},"query-input":{"@type":"PropertyValueSpecification","valueRequired":true,"valueName":"search_term_string"}}],"inLanguage":"de"},{"@type":"Organization","@id":"https:\/\/www.makeitplastic.com\/#organization","name":"PDM Plastics","url":"https:\/\/www.makeitplastic.com\/","logo":{"@type":"ImageObject","inLanguage":"de","@id":"https:\/\/www.makeitplastic.com\/#\/schema\/logo\/image\/","url":"https:\/\/www.makeitplastic.com\/wp-content\/uploads\/2023\/04\/PDM-4-2023_Top-Nav-Logo-18.png","contentUrl":"https:\/\/www.makeitplastic.com\/wp-content\/uploads\/2023\/04\/PDM-4-2023_Top-Nav-Logo-18.png","width":834,"height":210,"caption":"PDM Plastics"},"image":{"@id":"https:\/\/www.makeitplastic.com\/#\/schema\/logo\/image\/"}}]}},"uagb_featured_image_src":{"full":false,"thumbnail":false,"medium":false,"medium_large":false,"large":false,"1536x1536":false,"2048x2048":false,"gform-image-choice-sm":false,"gform-image-choice-md":false,"gform-image-choice-lg":false},"uagb_author_info":{"display_name":"admin","author_link":"https:\/\/www.makeitplastic.com\/de\/author\/pdmplastic\/"},"uagb_comment_info":0,"uagb_excerpt":"Pr\u00e4zisionsteile und Qualit\u00e4tsproduktion in gro\u00dfem Ma\u00dfstab Bei PDM Plastics verf\u00fcgen wir \u00fcber 22 moderne, gut gewartete Spritzgussmaschinen mit einem Pressbereich von 50 bis 1400 Tonnen. Zu den verf\u00fcgbaren Dienstleistungen geh\u00f6ren 2 Shot Molding, Insert Molding und Overmold-M\u00f6glichkeiten. Wir bieten auch Dekoration, Schwei\u00dfen, Montage und Verpackung als Zusatzleistungen an.","_links":{"self":[{"href":"https:\/\/www.makeitplastic.com\/de\/wp-json\/wp\/v2\/pages\/684","targetHints":{"allow":["GET"]}}],"collection":[{"href":"https:\/\/www.makeitplastic.com\/de\/wp-json\/wp\/v2\/pages"}],"about":[{"href":"https:\/\/www.makeitplastic.com\/de\/wp-json\/wp\/v2\/types\/page"}],"author":[{"embeddable":true,"href":"https:\/\/www.makeitplastic.com\/de\/wp-json\/wp\/v2\/users\/1"}],"replies":[{"embeddable":true,"href":"https:\/\/www.makeitplastic.com\/de\/wp-json\/wp\/v2\/comments?post=684"}],"version-history":[{"count":9,"href":"https:\/\/www.makeitplastic.com\/de\/wp-json\/wp\/v2\/pages\/684\/revisions"}],"predecessor-version":[{"id":1671,"href":"https:\/\/www.makeitplastic.com\/de\/wp-json\/wp\/v2\/pages\/684\/revisions\/1671"}],"wp:attachment":[{"href":"https:\/\/www.makeitplastic.com\/de\/wp-json\/wp\/v2\/media?parent=684"}],"curies":[{"name":"wp","href":"https:\/\/api.w.org\/{rel}","templated":true}]}}