{"id":1131,"date":"2023-05-15T16:28:24","date_gmt":"2023-05-15T22:28:24","guid":{"rendered":"https:\/\/www.makeitplastic.com\/personalwesen\/"},"modified":"2023-06-16T08:02:18","modified_gmt":"2023-06-16T14:02:18","slug":"personalwesen","status":"publish","type":"page","link":"https:\/\/www.makeitplastic.com\/de\/personalwesen\/","title":{"rendered":"Personalwesen"},"content":{"rendered":"\n<p>Die Personalabteilung bietet F\u00fchrung, Unterst\u00fctzung und Anleitung in allen Bereichen des Personalwesens. Der Personalleiter beaufsichtigt und unterst\u00fctzt die Mitarbeiter in den Bereichen Rekrutierung und Einstellung, Sozialleistungen, Schulung, Leistungsbewertung, Sicherheit, Arbeitsrecht, Entwicklung von Richtlinien und Mitarbeiterbeziehungen.<\/p>\n\n<p><strong>Personalabteilung Kontakt:<\/strong><br\/>406.284.4146<\/p>\n\n<p>**Unserem Team beitreten<br\/>**Bewerben Sie sich auf Stellenangebote bei PDM<a href=\"https:\/\/www.applicantpro.com\/openings\/makeitplastic\">(CAREERS<\/a>)<\/p>\n\n<p><strong>Handbuch der PDM-Richtlinien und -Verfahren<\/strong><\/p>\n\n<p>Klicken Sie hier, um das aktuelle PDM-Mitarbeiterhandbuch und das Handbuch f\u00fcr Richtlinien und Verfahren zu erhalten.<\/p>\n\n<p><a href=\"https:\/\/www.makeitplastic.com\/wp-content\/uploads\/2023\/05\/PDMHandbook-Revised-12.2022.docx\">PDMHandbuch \u00dcberarbeitet 12.2022<\/a><\/p>\n\n<p><strong>Formulare f\u00fcr Mitarbeiter<\/strong><\/p>\n\n<p><a href=\"https:\/\/www.makeitplastic.com\/wp-content\/uploads\/2023\/05\/Direct-Deposit-Form-2022.docx\">Direct-Deposit-Form-2022<\/a><\/p>\n\n<p><a href=\"https:\/\/www.makeitplastic.com\/wp-content\/uploads\/2023\/05\/Employee-Information-Form-2022.docx\">Formular f\u00fcr Mitarbeiterinformationen 2022<\/a><\/p>\n\n<p><a href=\"https:\/\/www.makeitplastic.com\/wp-content\/uploads\/2023\/05\/PTO-Request-2023.docx\">Antrag auf bezahlte Freistellung 2023<\/a><\/p>\n\n<p><a href=\"https:\/\/www.makeitplastic.com\/wp-content\/uploads\/2023\/05\/Voluntary-Resignation-Form-2022.docx\">Formular f\u00fcr den freiwilligen R\u00fccktritt 2022<\/a><\/p>\n\n<p><strong>W-4-Formulare<\/strong><\/p>\n\n<p><a href=\"https:\/\/www.makeitplastic.com\/wp-content\/uploads\/2023\/05\/FW-42023.pdf\">FW-42023<\/a><\/p>\n\n<p><a href=\"https:\/\/www.makeitplastic.com\/wp-content\/uploads\/2023\/05\/MW-4.pdf\">MW-4<\/a><\/p>\n\n<p>**<br\/>Leistungsformulare**<\/p>\n\n<p><a href=\"https:\/\/www.makeitplastic.com\/wp-content\/uploads\/2023\/05\/2023-PDM-Benefit-Guide.pdf\">PDM-Leitfaden 2023 Nutzen<\/a><\/p>\n\n<p><a href=\"https:\/\/www.makeitplastic.com\/wp-content\/uploads\/2023\/05\/2023-Guardian-Enrollment-Form.pdf\">2023 Anmeldeformular f\u00fcr Vorm\u00fcnder &#8211; Dental, Vision, STD<\/a><\/p>\n\n<p><a href=\"https:\/\/www.makeitplastic.com\/wp-content\/uploads\/2023\/05\/HSABankEnrollform2023.pdf\">HSABankAnmeldeformular2023<\/a><\/p>\n\n<p><a href=\"https:\/\/www.makeitplastic.com\/wp-content\/uploads\/2023\/05\/VGEnroll-2023.pdf\">Vanguard Simple IRA 2023 Beitrittsformular<\/a><\/p>\n\n<p>**<br\/>Hilfreiche Links**<\/p>\n\n<p class=\"has-text-align-left\"><a href=\"https:\/\/pacificsource.com\/\">PacificSource &#8211; Krankenversicherer<\/a> <\/p>\n\n<p><a href=\"https:\/\/www.guardianlife.com\/\">Guardian &#8211; Anbieter von Zahn-, Seh-, Lebens- und STD-Leistungen<\/a><\/p>\n\n<p><a href=\"https:\/\/corporate.vanguard.com\/\">Vanguard &#8211; Einfache IRA<\/a><\/p>\n","protected":false},"excerpt":{"rendered":"<p>Die Personalabteilung bietet F\u00fchrung, Unterst\u00fctzung und Anleitung in allen Bereichen des Personalwesens. Der Personalleiter beaufsichtigt und unterst\u00fctzt die Mitarbeiter in den Bereichen Rekrutierung und Einstellung, Sozialleistungen, Schulung, Leistungsbewertung, Sicherheit, Arbeitsrecht, Entwicklung von Richtlinien und Mitarbeiterbeziehungen. Personalabteilung Kontakt:406.284.4146 **Unserem Team beitreten**Bewerben Sie sich auf Stellenangebote bei PDM(CAREERS) Handbuch der PDM-Richtlinien und -Verfahren Klicken Sie hier, um &hellip;<\/p>\n<p class=\"read-more\"> <a class=\"ast-button\" href=\"https:\/\/www.makeitplastic.com\/de\/personalwesen\/\"> <span class=\"screen-reader-text\">Personalwesen<\/span> Read More \u00bb<\/a><\/p>\n","protected":false},"author":1,"featured_media":0,"parent":0,"menu_order":0,"comment_status":"closed","ping_status":"closed","template":"","meta":{"_uag_custom_page_level_css":"","site-sidebar-layout":"default","site-content-layout":"default","ast-global-header-display":"","ast-banner-title-visibility":"","ast-main-header-display":"","ast-hfb-above-header-display":"","ast-hfb-below-header-display":"","ast-hfb-mobile-header-display":"","site-post-title":"","ast-breadcrumbs-content":"","ast-featured-img":"","footer-sml-layout":"","theme-transparent-header-meta":"","adv-header-id-meta":"","stick-header-meta":"","header-above-stick-meta":"","header-main-stick-meta":"","header-below-stick-meta":"","footnotes":""},"class_list":["post-1131","page","type-page","status-publish","hentry"],"yoast_head":"<!-- This site is optimized with the Yoast SEO plugin v27.5 - https:\/\/yoast.com\/product\/yoast-seo-wordpress\/ -->\n<title>Personalwesen - PDM Plastics<\/title>\n<meta name=\"robots\" content=\"index, follow, max-snippet:-1, max-image-preview:large, max-video-preview:-1\" \/>\n<link rel=\"canonical\" href=\"https:\/\/www.makeitplastic.com\/de\/personalwesen\/\" \/>\n<meta property=\"og:locale\" content=\"de_DE\" \/>\n<meta property=\"og:type\" content=\"article\" \/>\n<meta property=\"og:title\" content=\"Personalwesen - PDM Plastics\" \/>\n<meta property=\"og:description\" content=\"Die Personalabteilung bietet F\u00fchrung, Unterst\u00fctzung und Anleitung in allen Bereichen des Personalwesens. Der Personalleiter beaufsichtigt und unterst\u00fctzt die Mitarbeiter in den Bereichen Rekrutierung und Einstellung, Sozialleistungen, Schulung, Leistungsbewertung, Sicherheit, Arbeitsrecht, Entwicklung von Richtlinien und Mitarbeiterbeziehungen. Personalabteilung Kontakt:406.284.4146 **Unserem Team beitreten**Bewerben Sie sich auf Stellenangebote bei PDM(CAREERS) Handbuch der PDM-Richtlinien und -Verfahren Klicken Sie hier, um &hellip; Personalwesen Read More \u00bb\" \/>\n<meta property=\"og:url\" content=\"https:\/\/www.makeitplastic.com\/de\/personalwesen\/\" \/>\n<meta property=\"og:site_name\" content=\"PDM Plastics\" \/>\n<meta property=\"article:modified_time\" content=\"2023-06-16T14:02:18+00:00\" \/>\n<meta name=\"twitter:card\" content=\"summary_large_image\" \/>\n<meta name=\"twitter:label1\" content=\"Gesch\u00e4tzte Lesezeit\" \/>\n\t<meta name=\"twitter:data1\" content=\"1\u00a0Minute\" \/>\n<script type=\"application\/ld+json\" class=\"yoast-schema-graph\">{\"@context\":\"https:\\\/\\\/schema.org\",\"@graph\":[{\"@type\":\"WebPage\",\"@id\":\"https:\\\/\\\/www.makeitplastic.com\\\/de\\\/personalwesen\\\/\",\"url\":\"https:\\\/\\\/www.makeitplastic.com\\\/de\\\/personalwesen\\\/\",\"name\":\"Personalwesen - PDM Plastics\",\"isPartOf\":{\"@id\":\"https:\\\/\\\/www.makeitplastic.com\\\/#website\"},\"datePublished\":\"2023-05-15T22:28:24+00:00\",\"dateModified\":\"2023-06-16T14:02:18+00:00\",\"breadcrumb\":{\"@id\":\"https:\\\/\\\/www.makeitplastic.com\\\/de\\\/personalwesen\\\/#breadcrumb\"},\"inLanguage\":\"de\",\"potentialAction\":[{\"@type\":\"ReadAction\",\"target\":[\"https:\\\/\\\/www.makeitplastic.com\\\/de\\\/personalwesen\\\/\"]}]},{\"@type\":\"BreadcrumbList\",\"@id\":\"https:\\\/\\\/www.makeitplastic.com\\\/de\\\/personalwesen\\\/#breadcrumb\",\"itemListElement\":[{\"@type\":\"ListItem\",\"position\":1,\"name\":\"Home\",\"item\":\"https:\\\/\\\/www.makeitplastic.com\\\/de\\\/\"},{\"@type\":\"ListItem\",\"position\":2,\"name\":\"Personalwesen\"}]},{\"@type\":\"WebSite\",\"@id\":\"https:\\\/\\\/www.makeitplastic.com\\\/#website\",\"url\":\"https:\\\/\\\/www.makeitplastic.com\\\/\",\"name\":\"PDM Plastics\",\"description\":\"Design &amp; Manufacturing\",\"publisher\":{\"@id\":\"https:\\\/\\\/www.makeitplastic.com\\\/#organization\"},\"potentialAction\":[{\"@type\":\"SearchAction\",\"target\":{\"@type\":\"EntryPoint\",\"urlTemplate\":\"https:\\\/\\\/www.makeitplastic.com\\\/?s={search_term_string}\"},\"query-input\":{\"@type\":\"PropertyValueSpecification\",\"valueRequired\":true,\"valueName\":\"search_term_string\"}}],\"inLanguage\":\"de\"},{\"@type\":\"Organization\",\"@id\":\"https:\\\/\\\/www.makeitplastic.com\\\/#organization\",\"name\":\"PDM Plastics\",\"url\":\"https:\\\/\\\/www.makeitplastic.com\\\/\",\"logo\":{\"@type\":\"ImageObject\",\"inLanguage\":\"de\",\"@id\":\"https:\\\/\\\/www.makeitplastic.com\\\/#\\\/schema\\\/logo\\\/image\\\/\",\"url\":\"https:\\\/\\\/www.makeitplastic.com\\\/wp-content\\\/uploads\\\/2023\\\/04\\\/PDM-4-2023_Top-Nav-Logo-18.png\",\"contentUrl\":\"https:\\\/\\\/www.makeitplastic.com\\\/wp-content\\\/uploads\\\/2023\\\/04\\\/PDM-4-2023_Top-Nav-Logo-18.png\",\"width\":834,\"height\":210,\"caption\":\"PDM Plastics\"},\"image\":{\"@id\":\"https:\\\/\\\/www.makeitplastic.com\\\/#\\\/schema\\\/logo\\\/image\\\/\"}}]}<\/script>\n<!-- \/ Yoast SEO plugin. -->","yoast_head_json":{"title":"Personalwesen - PDM Plastics","robots":{"index":"index","follow":"follow","max-snippet":"max-snippet:-1","max-image-preview":"max-image-preview:large","max-video-preview":"max-video-preview:-1"},"canonical":"https:\/\/www.makeitplastic.com\/de\/personalwesen\/","og_locale":"de_DE","og_type":"article","og_title":"Personalwesen - PDM Plastics","og_description":"Die Personalabteilung bietet F\u00fchrung, Unterst\u00fctzung und Anleitung in allen Bereichen des Personalwesens. Der Personalleiter beaufsichtigt und unterst\u00fctzt die Mitarbeiter in den Bereichen Rekrutierung und Einstellung, Sozialleistungen, Schulung, Leistungsbewertung, Sicherheit, Arbeitsrecht, Entwicklung von Richtlinien und Mitarbeiterbeziehungen. Personalabteilung Kontakt:406.284.4146 **Unserem Team beitreten**Bewerben Sie sich auf Stellenangebote bei PDM(CAREERS) Handbuch der PDM-Richtlinien und -Verfahren Klicken Sie hier, um &hellip; Personalwesen Read More \u00bb","og_url":"https:\/\/www.makeitplastic.com\/de\/personalwesen\/","og_site_name":"PDM Plastics","article_modified_time":"2023-06-16T14:02:18+00:00","twitter_card":"summary_large_image","twitter_misc":{"Gesch\u00e4tzte Lesezeit":"1\u00a0Minute"},"schema":{"@context":"https:\/\/schema.org","@graph":[{"@type":"WebPage","@id":"https:\/\/www.makeitplastic.com\/de\/personalwesen\/","url":"https:\/\/www.makeitplastic.com\/de\/personalwesen\/","name":"Personalwesen - PDM Plastics","isPartOf":{"@id":"https:\/\/www.makeitplastic.com\/#website"},"datePublished":"2023-05-15T22:28:24+00:00","dateModified":"2023-06-16T14:02:18+00:00","breadcrumb":{"@id":"https:\/\/www.makeitplastic.com\/de\/personalwesen\/#breadcrumb"},"inLanguage":"de","potentialAction":[{"@type":"ReadAction","target":["https:\/\/www.makeitplastic.com\/de\/personalwesen\/"]}]},{"@type":"BreadcrumbList","@id":"https:\/\/www.makeitplastic.com\/de\/personalwesen\/#breadcrumb","itemListElement":[{"@type":"ListItem","position":1,"name":"Home","item":"https:\/\/www.makeitplastic.com\/de\/"},{"@type":"ListItem","position":2,"name":"Personalwesen"}]},{"@type":"WebSite","@id":"https:\/\/www.makeitplastic.com\/#website","url":"https:\/\/www.makeitplastic.com\/","name":"PDM Plastics","description":"Design &amp; Manufacturing","publisher":{"@id":"https:\/\/www.makeitplastic.com\/#organization"},"potentialAction":[{"@type":"SearchAction","target":{"@type":"EntryPoint","urlTemplate":"https:\/\/www.makeitplastic.com\/?s={search_term_string}"},"query-input":{"@type":"PropertyValueSpecification","valueRequired":true,"valueName":"search_term_string"}}],"inLanguage":"de"},{"@type":"Organization","@id":"https:\/\/www.makeitplastic.com\/#organization","name":"PDM Plastics","url":"https:\/\/www.makeitplastic.com\/","logo":{"@type":"ImageObject","inLanguage":"de","@id":"https:\/\/www.makeitplastic.com\/#\/schema\/logo\/image\/","url":"https:\/\/www.makeitplastic.com\/wp-content\/uploads\/2023\/04\/PDM-4-2023_Top-Nav-Logo-18.png","contentUrl":"https:\/\/www.makeitplastic.com\/wp-content\/uploads\/2023\/04\/PDM-4-2023_Top-Nav-Logo-18.png","width":834,"height":210,"caption":"PDM Plastics"},"image":{"@id":"https:\/\/www.makeitplastic.com\/#\/schema\/logo\/image\/"}}]}},"uagb_featured_image_src":{"full":false,"thumbnail":false,"medium":false,"medium_large":false,"large":false,"1536x1536":false,"2048x2048":false,"gform-image-choice-sm":false,"gform-image-choice-md":false,"gform-image-choice-lg":false},"uagb_author_info":{"display_name":"admin","author_link":"https:\/\/www.makeitplastic.com\/de\/author\/pdmplastic\/"},"uagb_comment_info":0,"uagb_excerpt":"Die Personalabteilung bietet F\u00fchrung, Unterst\u00fctzung und Anleitung in allen Bereichen des Personalwesens. Der Personalleiter beaufsichtigt und unterst\u00fctzt die Mitarbeiter in den Bereichen Rekrutierung und Einstellung, Sozialleistungen, Schulung, Leistungsbewertung, Sicherheit, Arbeitsrecht, Entwicklung von Richtlinien und Mitarbeiterbeziehungen. Personalabteilung Kontakt:406.284.4146 **Unserem Team beitreten**Bewerben Sie sich auf Stellenangebote bei PDM(CAREERS) Handbuch der PDM-Richtlinien und -Verfahren Klicken Sie hier, um&hellip;","_links":{"self":[{"href":"https:\/\/www.makeitplastic.com\/de\/wp-json\/wp\/v2\/pages\/1131","targetHints":{"allow":["GET"]}}],"collection":[{"href":"https:\/\/www.makeitplastic.com\/de\/wp-json\/wp\/v2\/pages"}],"about":[{"href":"https:\/\/www.makeitplastic.com\/de\/wp-json\/wp\/v2\/types\/page"}],"author":[{"embeddable":true,"href":"https:\/\/www.makeitplastic.com\/de\/wp-json\/wp\/v2\/users\/1"}],"replies":[{"embeddable":true,"href":"https:\/\/www.makeitplastic.com\/de\/wp-json\/wp\/v2\/comments?post=1131"}],"version-history":[{"count":15,"href":"https:\/\/www.makeitplastic.com\/de\/wp-json\/wp\/v2\/pages\/1131\/revisions"}],"predecessor-version":[{"id":1289,"href":"https:\/\/www.makeitplastic.com\/de\/wp-json\/wp\/v2\/pages\/1131\/revisions\/1289"}],"wp:attachment":[{"href":"https:\/\/www.makeitplastic.com\/de\/wp-json\/wp\/v2\/media?parent=1131"}],"curies":[{"name":"wp","href":"https:\/\/api.w.org\/{rel}","templated":true}]}}