{"id":1103,"date":"2023-02-07T21:14:34","date_gmt":"2023-02-08T04:14:34","guid":{"rendered":"https:\/\/www.makeitplastic.com\/datenschutzbestimmungen\/"},"modified":"2023-05-12T14:20:00","modified_gmt":"2023-05-12T20:20:00","slug":"datenschutzbestimmungen","status":"publish","type":"page","link":"https:\/\/www.makeitplastic.com\/de\/datenschutzbestimmungen\/","title":{"rendered":"Datenschutzbestimmungen"},"content":{"rendered":"\n<p>Diese Datenschutzrichtlinie regelt die Art und Weise, in der PDM Plastics die von den Benutzern unserer Website gesammelten Informationen sammelt, verwendet, pflegt und offenlegt. Wir verpflichten uns, die Privatsph\u00e4re und die Sicherheit Ihrer pers\u00f6nlichen Daten zu sch\u00fctzen und haben entsprechende Ma\u00dfnahmen zu deren Sicherung ergriffen.<\/p>\n\n<h3 class=\"wp-block-heading\">Sammlung und Verwendung von Informationen<\/h3>\n\n<p>Wir sammeln verschiedene Arten von Informationen von unseren Website-Besuchern, einschlie\u00dflich pers\u00f6nlich identifizierbarer Informationen (wie Ihren Namen und Ihre E-Mail-Adresse) und nicht pers\u00f6nlich identifizierbarer Informationen (wie Ihre IP-Adresse und Ihr Surfverhalten). Wir verwenden diese Informationen, um Ihre Nutzererfahrung zu verbessern, Ihre Anfragen zu beantworten und Ihnen Informationen \u00fcber unsere Produkte und Dienstleistungen zukommen zu lassen.<\/p>\n\n<p>Wir verwenden auch Google Analytics 4 und Google Ads, um Informationen \u00fcber Ihre Nutzung unserer Website zu sammeln, wie z. B. Ihr Surfverhalten und demografische Informationen. Diese Informationen helfen uns, unsere Website zu verbessern und unsere Werbema\u00dfnahmen gezielter einzusetzen.<\/p>\n\n<h3 class=\"wp-block-heading\">Gemeinsame Nutzung von Informationen<\/h3>\n\n<p>Wir verkaufen, tauschen oder vermieten Ihre pers\u00f6nlich identifizierbaren Informationen nicht an Dritte. Wir k\u00f6nnen Ihre Daten jedoch an unsere vertrauensw\u00fcrdigen Partner weitergeben, die uns beim Betrieb unserer Website, bei der Abwicklung unserer Gesch\u00e4fte oder bei der Erbringung von Dienstleistungen f\u00fcr Sie unterst\u00fctzen, sofern sich diese Parteien verpflichten, diese Daten vertraulich zu behandeln.<\/p>\n\n<p>Wir k\u00f6nnen Ihre Daten auch freigeben, wenn wir der Meinung sind, dass die Freigabe angemessen ist, um das Gesetz einzuhalten, unsere Website-Richtlinien durchzusetzen oder unsere oder die Rechte, das Eigentum oder die Sicherheit anderer zu sch\u00fctzen.<\/p>\n\n<h3 class=\"wp-block-heading\">Websites von Drittanbietern<\/h3>\n\n<p>Unsere Website kann Links zu Websites Dritter enthalten, die nicht in unserem Besitz sind oder von uns kontrolliert werden. Wir sind nicht f\u00fcr die Datenschutzpraktiken oder den Inhalt dieser Websites verantwortlich und empfehlen Ihnen, deren Datenschutzrichtlinien zu lesen, bevor Sie pers\u00f6nliche Daten angeben.<\/p>\n\n<h3 class=\"wp-block-heading\">Aufbewahrung von Daten<\/h3>\n\n<p>Wir werden Ihre pers\u00f6nlichen Daten so lange aufbewahren, wie es f\u00fcr die Erf\u00fcllung der Zwecke, f\u00fcr die sie erhoben wurden, erforderlich ist oder wie es gesetzlich vorgeschrieben ist.<\/p>\n\n<h3 class=\"wp-block-heading\">Ihre Rechte<\/h3>\n\n<p>Sie haben das Recht, auf Ihre bei uns gespeicherten personenbezogenen Daten zuzugreifen, sie zu korrigieren, zu aktualisieren und zu l\u00f6schen. Sie k\u00f6nnen auch jederzeit Ihre Zustimmung zur Erfassung und Verarbeitung Ihrer personenbezogenen Daten widerrufen. Wenn Sie diese Rechte wahrnehmen m\u00f6chten oder andere Fragen zum Datenschutz haben, kontaktieren Sie uns bitte <a href=\"https:\/\/www.makeitplastic.com\/de\/kontakt\/\">hier<\/a>.<\/p>\n\n<h3 class=\"wp-block-heading\">\u00c4nderungen an dieser Datenschutzrichtlinie<\/h3>\n\n<p>Wir behalten uns das Recht vor, diese Datenschutzrichtlinie jederzeit zu aktualisieren oder zu \u00e4ndern. Alle \u00c4nderungen, die wir an unseren Richtlinien vornehmen, werden auf dieser Seite wiedergegeben, und wir empfehlen Ihnen, diese Seite regelm\u00e4\u00dfig auf Aktualisierungen zu \u00fcberpr\u00fcfen.<\/p>\n\n<p>Durch die Nutzung unserer Website erkl\u00e4ren Sie sich mit den Bedingungen dieser Datenschutzrichtlinie sowie mit der Erfassung und Nutzung Ihrer pers\u00f6nlichen Daten wie hier beschrieben einverstanden.<\/p>\n","protected":false},"excerpt":{"rendered":"<p>Diese Datenschutzrichtlinie regelt die Art und Weise, in der PDM Plastics die von den Benutzern unserer Website gesammelten Informationen sammelt, verwendet, pflegt und offenlegt. Wir verpflichten uns, die Privatsph\u00e4re und die Sicherheit Ihrer pers\u00f6nlichen Daten zu sch\u00fctzen und haben entsprechende Ma\u00dfnahmen zu deren Sicherung ergriffen. Sammlung und Verwendung von Informationen Wir sammeln verschiedene Arten von &hellip;<\/p>\n<p class=\"read-more\"> <a class=\"ast-button\" href=\"https:\/\/www.makeitplastic.com\/de\/datenschutzbestimmungen\/\"> <span class=\"screen-reader-text\">Datenschutzbestimmungen<\/span> Read More \u00bb<\/a><\/p>\n","protected":false},"author":1,"featured_media":0,"parent":0,"menu_order":0,"comment_status":"closed","ping_status":"open","template":"","meta":{"_uag_custom_page_level_css":"","site-sidebar-layout":"default","site-content-layout":"default","ast-global-header-display":"","ast-banner-title-visibility":"","ast-main-header-display":"","ast-hfb-above-header-display":"","ast-hfb-below-header-display":"","ast-hfb-mobile-header-display":"","site-post-title":"","ast-breadcrumbs-content":"","ast-featured-img":"","footer-sml-layout":"","theme-transparent-header-meta":"","adv-header-id-meta":"","stick-header-meta":"","header-above-stick-meta":"","header-main-stick-meta":"","header-below-stick-meta":"","footnotes":""},"class_list":["post-1103","page","type-page","status-publish","hentry"],"yoast_head":"<!-- This site is optimized with the Yoast SEO plugin v27.4 - https:\/\/yoast.com\/product\/yoast-seo-wordpress\/ -->\n<title>Datenschutzbestimmungen - PDM Plastics<\/title>\n<meta name=\"robots\" content=\"index, follow, max-snippet:-1, max-image-preview:large, max-video-preview:-1\" \/>\n<link rel=\"canonical\" href=\"https:\/\/www.makeitplastic.com\/de\/datenschutzbestimmungen\/\" \/>\n<meta property=\"og:locale\" content=\"de_DE\" \/>\n<meta property=\"og:type\" content=\"article\" \/>\n<meta property=\"og:title\" content=\"Datenschutzbestimmungen - PDM Plastics\" \/>\n<meta property=\"og:description\" content=\"Diese Datenschutzrichtlinie regelt die Art und Weise, in der PDM Plastics die von den Benutzern unserer Website gesammelten Informationen sammelt, verwendet, pflegt und offenlegt. Wir verpflichten uns, die Privatsph\u00e4re und die Sicherheit Ihrer pers\u00f6nlichen Daten zu sch\u00fctzen und haben entsprechende Ma\u00dfnahmen zu deren Sicherung ergriffen. Sammlung und Verwendung von Informationen Wir sammeln verschiedene Arten von &hellip; Datenschutzbestimmungen Read More \u00bb\" \/>\n<meta property=\"og:url\" content=\"https:\/\/www.makeitplastic.com\/de\/datenschutzbestimmungen\/\" \/>\n<meta property=\"og:site_name\" content=\"PDM Plastics\" \/>\n<meta property=\"article:modified_time\" content=\"2023-05-12T20:20:00+00:00\" \/>\n<meta name=\"twitter:card\" content=\"summary_large_image\" \/>\n<meta name=\"twitter:label1\" content=\"Gesch\u00e4tzte Lesezeit\" \/>\n\t<meta name=\"twitter:data1\" content=\"2\u00a0Minuten\" \/>\n<script type=\"application\/ld+json\" class=\"yoast-schema-graph\">{\"@context\":\"https:\\\/\\\/schema.org\",\"@graph\":[{\"@type\":\"WebPage\",\"@id\":\"https:\\\/\\\/www.makeitplastic.com\\\/de\\\/datenschutzbestimmungen\\\/\",\"url\":\"https:\\\/\\\/www.makeitplastic.com\\\/de\\\/datenschutzbestimmungen\\\/\",\"name\":\"Datenschutzbestimmungen - PDM Plastics\",\"isPartOf\":{\"@id\":\"https:\\\/\\\/www.makeitplastic.com\\\/#website\"},\"datePublished\":\"2023-02-08T04:14:34+00:00\",\"dateModified\":\"2023-05-12T20:20:00+00:00\",\"breadcrumb\":{\"@id\":\"https:\\\/\\\/www.makeitplastic.com\\\/de\\\/datenschutzbestimmungen\\\/#breadcrumb\"},\"inLanguage\":\"de\",\"potentialAction\":[{\"@type\":\"ReadAction\",\"target\":[\"https:\\\/\\\/www.makeitplastic.com\\\/de\\\/datenschutzbestimmungen\\\/\"]}]},{\"@type\":\"BreadcrumbList\",\"@id\":\"https:\\\/\\\/www.makeitplastic.com\\\/de\\\/datenschutzbestimmungen\\\/#breadcrumb\",\"itemListElement\":[{\"@type\":\"ListItem\",\"position\":1,\"name\":\"Home\",\"item\":\"https:\\\/\\\/www.makeitplastic.com\\\/de\\\/\"},{\"@type\":\"ListItem\",\"position\":2,\"name\":\"Datenschutzbestimmungen\"}]},{\"@type\":\"WebSite\",\"@id\":\"https:\\\/\\\/www.makeitplastic.com\\\/#website\",\"url\":\"https:\\\/\\\/www.makeitplastic.com\\\/\",\"name\":\"PDM Plastics\",\"description\":\"Design &amp; Manufacturing\",\"publisher\":{\"@id\":\"https:\\\/\\\/www.makeitplastic.com\\\/#organization\"},\"potentialAction\":[{\"@type\":\"SearchAction\",\"target\":{\"@type\":\"EntryPoint\",\"urlTemplate\":\"https:\\\/\\\/www.makeitplastic.com\\\/?s={search_term_string}\"},\"query-input\":{\"@type\":\"PropertyValueSpecification\",\"valueRequired\":true,\"valueName\":\"search_term_string\"}}],\"inLanguage\":\"de\"},{\"@type\":\"Organization\",\"@id\":\"https:\\\/\\\/www.makeitplastic.com\\\/#organization\",\"name\":\"PDM Plastics\",\"url\":\"https:\\\/\\\/www.makeitplastic.com\\\/\",\"logo\":{\"@type\":\"ImageObject\",\"inLanguage\":\"de\",\"@id\":\"https:\\\/\\\/www.makeitplastic.com\\\/#\\\/schema\\\/logo\\\/image\\\/\",\"url\":\"https:\\\/\\\/www.makeitplastic.com\\\/wp-content\\\/uploads\\\/2023\\\/04\\\/PDM-4-2023_Top-Nav-Logo-18.png\",\"contentUrl\":\"https:\\\/\\\/www.makeitplastic.com\\\/wp-content\\\/uploads\\\/2023\\\/04\\\/PDM-4-2023_Top-Nav-Logo-18.png\",\"width\":834,\"height\":210,\"caption\":\"PDM Plastics\"},\"image\":{\"@id\":\"https:\\\/\\\/www.makeitplastic.com\\\/#\\\/schema\\\/logo\\\/image\\\/\"}}]}<\/script>\n<!-- \/ Yoast SEO plugin. -->","yoast_head_json":{"title":"Datenschutzbestimmungen - PDM Plastics","robots":{"index":"index","follow":"follow","max-snippet":"max-snippet:-1","max-image-preview":"max-image-preview:large","max-video-preview":"max-video-preview:-1"},"canonical":"https:\/\/www.makeitplastic.com\/de\/datenschutzbestimmungen\/","og_locale":"de_DE","og_type":"article","og_title":"Datenschutzbestimmungen - PDM Plastics","og_description":"Diese Datenschutzrichtlinie regelt die Art und Weise, in der PDM Plastics die von den Benutzern unserer Website gesammelten Informationen sammelt, verwendet, pflegt und offenlegt. Wir verpflichten uns, die Privatsph\u00e4re und die Sicherheit Ihrer pers\u00f6nlichen Daten zu sch\u00fctzen und haben entsprechende Ma\u00dfnahmen zu deren Sicherung ergriffen. Sammlung und Verwendung von Informationen Wir sammeln verschiedene Arten von &hellip; Datenschutzbestimmungen Read More \u00bb","og_url":"https:\/\/www.makeitplastic.com\/de\/datenschutzbestimmungen\/","og_site_name":"PDM Plastics","article_modified_time":"2023-05-12T20:20:00+00:00","twitter_card":"summary_large_image","twitter_misc":{"Gesch\u00e4tzte Lesezeit":"2\u00a0Minuten"},"schema":{"@context":"https:\/\/schema.org","@graph":[{"@type":"WebPage","@id":"https:\/\/www.makeitplastic.com\/de\/datenschutzbestimmungen\/","url":"https:\/\/www.makeitplastic.com\/de\/datenschutzbestimmungen\/","name":"Datenschutzbestimmungen - PDM Plastics","isPartOf":{"@id":"https:\/\/www.makeitplastic.com\/#website"},"datePublished":"2023-02-08T04:14:34+00:00","dateModified":"2023-05-12T20:20:00+00:00","breadcrumb":{"@id":"https:\/\/www.makeitplastic.com\/de\/datenschutzbestimmungen\/#breadcrumb"},"inLanguage":"de","potentialAction":[{"@type":"ReadAction","target":["https:\/\/www.makeitplastic.com\/de\/datenschutzbestimmungen\/"]}]},{"@type":"BreadcrumbList","@id":"https:\/\/www.makeitplastic.com\/de\/datenschutzbestimmungen\/#breadcrumb","itemListElement":[{"@type":"ListItem","position":1,"name":"Home","item":"https:\/\/www.makeitplastic.com\/de\/"},{"@type":"ListItem","position":2,"name":"Datenschutzbestimmungen"}]},{"@type":"WebSite","@id":"https:\/\/www.makeitplastic.com\/#website","url":"https:\/\/www.makeitplastic.com\/","name":"PDM Plastics","description":"Design &amp; Manufacturing","publisher":{"@id":"https:\/\/www.makeitplastic.com\/#organization"},"potentialAction":[{"@type":"SearchAction","target":{"@type":"EntryPoint","urlTemplate":"https:\/\/www.makeitplastic.com\/?s={search_term_string}"},"query-input":{"@type":"PropertyValueSpecification","valueRequired":true,"valueName":"search_term_string"}}],"inLanguage":"de"},{"@type":"Organization","@id":"https:\/\/www.makeitplastic.com\/#organization","name":"PDM Plastics","url":"https:\/\/www.makeitplastic.com\/","logo":{"@type":"ImageObject","inLanguage":"de","@id":"https:\/\/www.makeitplastic.com\/#\/schema\/logo\/image\/","url":"https:\/\/www.makeitplastic.com\/wp-content\/uploads\/2023\/04\/PDM-4-2023_Top-Nav-Logo-18.png","contentUrl":"https:\/\/www.makeitplastic.com\/wp-content\/uploads\/2023\/04\/PDM-4-2023_Top-Nav-Logo-18.png","width":834,"height":210,"caption":"PDM Plastics"},"image":{"@id":"https:\/\/www.makeitplastic.com\/#\/schema\/logo\/image\/"}}]}},"uagb_featured_image_src":{"full":false,"thumbnail":false,"medium":false,"medium_large":false,"large":false,"1536x1536":false,"2048x2048":false,"gform-image-choice-sm":false,"gform-image-choice-md":false,"gform-image-choice-lg":false},"uagb_author_info":{"display_name":"admin","author_link":"https:\/\/www.makeitplastic.com\/de\/author\/pdmplastic\/"},"uagb_comment_info":0,"uagb_excerpt":"Diese Datenschutzrichtlinie regelt die Art und Weise, in der PDM Plastics die von den Benutzern unserer Website gesammelten Informationen sammelt, verwendet, pflegt und offenlegt. Wir verpflichten uns, die Privatsph\u00e4re und die Sicherheit Ihrer pers\u00f6nlichen Daten zu sch\u00fctzen und haben entsprechende Ma\u00dfnahmen zu deren Sicherung ergriffen. Sammlung und Verwendung von Informationen Wir sammeln verschiedene Arten von&hellip;","_links":{"self":[{"href":"https:\/\/www.makeitplastic.com\/de\/wp-json\/wp\/v2\/pages\/1103","targetHints":{"allow":["GET"]}}],"collection":[{"href":"https:\/\/www.makeitplastic.com\/de\/wp-json\/wp\/v2\/pages"}],"about":[{"href":"https:\/\/www.makeitplastic.com\/de\/wp-json\/wp\/v2\/types\/page"}],"author":[{"embeddable":true,"href":"https:\/\/www.makeitplastic.com\/de\/wp-json\/wp\/v2\/users\/1"}],"replies":[{"embeddable":true,"href":"https:\/\/www.makeitplastic.com\/de\/wp-json\/wp\/v2\/comments?post=1103"}],"version-history":[{"count":5,"href":"https:\/\/www.makeitplastic.com\/de\/wp-json\/wp\/v2\/pages\/1103\/revisions"}],"predecessor-version":[{"id":1120,"href":"https:\/\/www.makeitplastic.com\/de\/wp-json\/wp\/v2\/pages\/1103\/revisions\/1120"}],"wp:attachment":[{"href":"https:\/\/www.makeitplastic.com\/de\/wp-json\/wp\/v2\/media?parent=1103"}],"curies":[{"name":"wp","href":"https:\/\/api.w.org\/{rel}","templated":true}]}}